{"id":9,"date":"2023-02-01T10:04:44","date_gmt":"2023-02-01T10:04:44","guid":{"rendered":"http:\/\/localhost\/ConTra\/?page_id=9"},"modified":"2023-03-07T20:54:43","modified_gmt":"2023-03-07T20:54:43","slug":"home","status":"publish","type":"page","link":"https:\/\/www.contra-automotive.de\/fr\/","title":{"rendered":"Page d&rsquo;accueil"},"content":{"rendered":"<section class=\"wpb-content-wrapper\"><p>[vc_row full_width=\u00a0\u00bbstretch_row_content\u00a0\u00bb el_class=\u00a0\u00bbtop-video desk-only\u00a0\u00bb css=\u00a0\u00bb.vc_custom_1675495207720{margin-bottom: 60px !important;}\u00a0\u00bb][vc_column css=\u00a0\u00bb.vc_custom_1675320301480{padding-right: 0px !important;padding-left: 0px !important;}\u00a0\u00bb][vc_column_text css=\u00a0\u00bb.vc_custom_1678180777654{margin-bottom: 0px !important;}\u00a0\u00bb]<\/p>\n<div class=\"video-cont\">\n<p>Bienvenue chez<\/p>\n<h1>ConTra-Automotive GmbH<\/h1>\n<h2>Grossiste sp\u00e9cialis\u00e9 en technologie d&rsquo;\u00e9chappement<\/h2>\n<\/div>\n<div class=\"video-overlay\"><\/div>\n<p><img decoding=\"async\" id=\"sliderimg\" src=\"https:\/\/www.contra-automotive.de\/wp-content\/uploads\/2023\/02\/Main-Slider.jpg\" \/>[\/vc_column_text][\/vc_column][\/vc_row][vc_row full_width=\u00a0\u00bbstretch_row_content_no_spaces\u00a0\u00bb el_class=\u00a0\u00bbres-only\u00a0\u00bb][vc_column el_class=\u00a0\u00bbmhome-img\u00a0\u00bb][vc_single_image image=\u00a0\u00bb399&Prime; img_size=\u00a0\u00bbfull\u00a0\u00bb css=\u00a0\u00bb.vc_custom_1675496460644{margin-bottom: 0px !important;}\u00a0\u00bb][vc_column_text el_class=\u00a0\u00bbmobile-home-slide-txt\u00a0\u00bb]Bienvenue \u00e0<\/p>\n<h1>ConTra Automotive GmbH<\/h1>\n<h2>Grossiste sp\u00e9cialis\u00e9 en technologie d&rsquo;\u00e9chappement<\/h2>\n<p>[\/vc_column_text][vc_video link=\u00a0\u00bbhttps:\/\/www.youtube.com\/watch?v=5tbj9izksrk\u00a0\u00bb align=\u00a0\u00bbcenter\u00a0\u00bb el_class=\u00a0\u00bbmbl-video\u00a0\u00bb][\/vc_column][\/vc_row][vc_row el_class=\u00a0\u00bbmartopbot80&Prime;][vc_column width=\u00a0\u00bb1\/2&Prime;][vc_video link=\u00a0\u00bbhttps:\/\/www.youtube.com\/watch?v=5tbj9izksrk\u00a0\u00bb align=\u00a0\u00bbcenter\u00a0\u00bb el_class=\u00a0\u00bbdesk-only\u00a0\u00bb][\/vc_column][vc_column width=\u00a0\u00bb1\/2&Prime;][vc_column_text css=\u00a0\u00bb.vc_custom_1677672179248{margin-bottom: 20px !important;}\u00a0\u00bb]L&rsquo;entreprise<\/p>\n<h1>\u00c0 propos de ConTra<\/h1>\n<p>[\/vc_column_text][vc_column_text]Cr\u00e9ation d&rsquo;une start-up en juin 2016.\u00a0L&rsquo;un des principaux sp\u00e9cialistes de la technologie d&rsquo;\u00e9chappement dans le commerce en ligne pour les voitures particuli\u00e8res et les v\u00e9hicules utilitaires l\u00e9gers.\u00a0Vente, administration et entrep\u00f4t \u00e0 Reinfeld, entre Hambourg et L\u00fcbeck.\u00a0Actuellement environ 800 m\u00b2 de surface de stockage.\u00a0Exploite des boutiques en ligne internationales.[\/vc_column_text][vc_btn title=\u00a0\u00bbBoutique en ligne\u00a0\u00bb style=\u00a0\u00bbcustom\u00a0\u00bb custom_background=\u00a0\u00bb#002c52&Prime; custom_text=\u00a0\u00bb#ffffff\u00a0\u00bb i_align=\u00a0\u00bbright\u00a0\u00bb i_icon_fontawesome=\u00a0\u00bbfas fa-arrow-right\u00a0\u00bb add_icon=\u00a0\u00bbtrue\u00a0\u00bb link=\u00a0\u00bburl:https%3A%2F%2Fwww.catalyseurs-fap24.fr%2F|target:_blank\u00a0\u00bb][vc_btn title=\u00a0\u00bbContinuer la lecture\u00a0\u00bb style=\u00a0\u00bbcustom\u00a0\u00bb custom_background=\u00a0\u00bb#ffffff\u00a0\u00bb custom_text=\u00a0\u00bb#212121&Prime; i_align=\u00a0\u00bbright\u00a0\u00bb i_icon_fontawesome=\u00a0\u00bbfas fa-arrow-right\u00a0\u00bb add_icon=\u00a0\u00bbtrue\u00a0\u00bb link=\u00a0\u00bburl:https%3A%2F%2Fwww.contra-automotive.de%2Fthe-company%2F|title:The%20Company\u00a0\u00bb el_class=\u00a0\u00bbdotted-btn\u00a0\u00bb][\/vc_column][\/vc_row][vc_row css=\u00a0\u00bb.vc_custom_1675324031089{margin-top: 80px !important;}\u00a0\u00bb][vc_column][vc_column_text css=\u00a0\u00bb.vc_custom_1677672246215{margin-bottom: 10px !important;}\u00a0\u00bb]<\/p>\n<h1 style=\"text-align: center;\"><span style=\"font-weight: 200 !important;\">Catalyseurs &#8211; <\/span>Filtres \u00e0 Particules diesel &#8211; capteurs<\/h1>\n<p style=\"text-align: center;\">Une des gammes les plus larges de notre d\u00e9partement \u00e0 la disposition de nos clients<\/p>\n<p>[\/vc_column_text][vc_separator color=\u00a0\u00bbcustom\u00a0\u00bb border_width=\u00a0\u00bb4&Prime; el_width=\u00a0\u00bb10&Prime; accent_color=\u00a0\u00bb#002c52&Prime; el_class=\u00a0\u00bbline-wdth\u00a0\u00bb css=\u00a0\u00bb.vc_custom_1675347619466{margin-bottom: 0px !important;}\u00a0\u00bb][\/vc_column][\/vc_row][vc_row full_width=\u00a0\u00bbstretch_row_content\u00a0\u00bb el_class=\u00a0\u00bbhome-cat-bfr-txt\u00a0\u00bb][vc_column width=\u00a0\u00bb1\/2&Prime; css=\u00a0\u00bb.vc_custom_1675346815255{padding-right: 0px !important;padding-left: 0px !important;background-image: url(https:\/\/www.contra-automotive.de\/wp-content\/uploads\/2023\/02\/Catalytic-Converters.jpg?id=138) !important;}\u00a0\u00bb el_class=\u00a0\u00bbhome-cat-col\u00a0\u00bb][vc_column_text el_class=\u00a0\u00bbhome-cat-txt\u00a0\u00bb css=\u00a0\u00bb.vc_custom_1676904525444{margin-bottom: 0px !important;}\u00a0\u00bb]<\/p>\n<div class=\"hcatnum\">01<\/div>\n<div class=\"hcattxt\">\n<p>Filtres \u00e0 particules diesel<\/p>\n<p><a href=\"https:\/\/www.contra-automotive.de\/product-range\/#DieselParticulateFilters\">Obtenir des d\u00e9tails<\/a><\/p>\n<\/div>\n<p>[\/vc_column_text][\/vc_column][vc_column width=\u00a0\u00bb1\/2&Prime; css=\u00a0\u00bb.vc_custom_1675346825815{padding-right: 0px !important;padding-left: 0px !important;background-image: url(https:\/\/www.contra-automotive.de\/wp-content\/uploads\/2023\/02\/Diesel-Particulate-Filters.jpg?id=147) !important;}\u00a0\u00bb el_class=\u00a0\u00bbhome-cat-col\u00a0\u00bb][vc_column_text el_class=\u00a0\u00bbhome-cat-txt\u00a0\u00bb css=\u00a0\u00bb.vc_custom_1676904540971{margin-bottom: 0px !important;}\u00a0\u00bb]<\/p>\n<div class=\"hcatnum\">02<\/div>\n<div class=\"hcattxt\">\n<p>Convertisseurs catalytiques<\/p>\n<p><a href=\"https:\/\/www.contra-automotive.de\/product-range\/#CatalyticConverters\">Obtenir des d\u00e9tails<\/a><\/p>\n<\/div>\n<p>[\/vc_column_text][\/vc_column][vc_column width=\u00a0\u00bb1\/2&Prime; css=\u00a0\u00bb.vc_custom_1675346841487{padding-right: 0px !important;padding-left: 0px !important;background-image: url(https:\/\/www.contra-automotive.de\/wp-content\/uploads\/2023\/02\/Pressure-sensors.jpg?id=141) !important;}\u00a0\u00bb el_class=\u00a0\u00bbhome-cat-col\u00a0\u00bb][vc_column_text el_class=\u00a0\u00bbhome-cat-txt\u00a0\u00bb css=\u00a0\u00bb.vc_custom_1676904567098{margin-bottom: 0px !important;}\u00a0\u00bb]<\/p>\n<div class=\"hcatnum\">03<\/div>\n<div class=\"hcattxt\">\n<p>Capteurs de pression<\/p>\n<p><a href=\"https:\/\/www.contra-automotive.de\/product-range\/#PressureSensors\">Obtenir des d\u00e9tails<\/a><\/p>\n<\/div>\n<p>[\/vc_column_text][\/vc_column][vc_column width=\u00a0\u00bb1\/2&Prime; css=\u00a0\u00bb.vc_custom_1675346833315{padding-right: 0px !important;padding-left: 0px !important;background-image: url(https:\/\/www.contra-automotive.de\/wp-content\/uploads\/2023\/02\/Exhaust-temperature-sensors.jpg?id=140) !important;}\u00a0\u00bb el_class=\u00a0\u00bbhome-cat-col\u00a0\u00bb][vc_column_text el_class=\u00a0\u00bbhome-cat-txt\u00a0\u00bb css=\u00a0\u00bb.vc_custom_1676904551746{margin-bottom: 0px !important;}\u00a0\u00bb]<\/p>\n<div class=\"hcatnum\">04<\/div>\n<div class=\"hcattxt\">\n<p>Capteurs de temp\u00e9rature d&rsquo;\u00e9chappement<\/p>\n<p><a href=\"https:\/\/www.contra-automotive.de\/product-range\/#ExhaustTemperatureSensors\">Obtenir des d\u00e9tails<\/a><\/p>\n<\/div>\n<p>[\/vc_column_text][\/vc_column][\/vc_row][vc_row full_width=\u00a0\u00bbstretch_row\u00a0\u00bb el_class=\u00a0\u00bbhome-cart\u00a0\u00bb][vc_column el_class=\u00a0\u00bbmax-wdth820&Prime;][vc_column_text css=\u00a0\u00bb.vc_custom_1677672344113{margin-bottom: 10px !important;}\u00a0\u00bb]<\/p>\n<h2 style=\"text-align: center;\"><span style=\"font-weight: 200 !important;\"><img decoding=\"async\" class=\"alignnone size-full wp-image-129\" style=\"max-width: 60px;\" src=\"https:\/\/www.contra-automotive.de\/wp-content\/uploads\/2023\/02\/cart-check.svg\" alt=\"\" \/><\/span><\/h2>\n<h2 style=\"text-align: center;\"><span style=\"font-weight: 200 !important;\">Votre sp\u00e9cialiste <\/span> pour DPF &amp; KAT &amp; capteurs<\/h2>\n<p>[\/vc_column_text][vc_column_text]<\/p>\n<p style=\"text-align: center;\">Visitez notre boutique en ligne.<\/p>\n<p>[\/vc_column_text][vc_btn title=\u00a0\u00bbBoutique en ligne\u00a0\u00bb style=\u00a0\u00bbcustom\u00a0\u00bb custom_background=\u00a0\u00bb#0470ce\u00a0\u00bb custom_text=\u00a0\u00bb#ffffff\u00a0\u00bb align=\u00a0\u00bbcenter\u00a0\u00bb i_align=\u00a0\u00bbright\u00a0\u00bb i_icon_fontawesome=\u00a0\u00bbfas fa-arrow-right\u00a0\u00bb add_icon=\u00a0\u00bbtrue\u00a0\u00bb link=\u00a0\u00bburl:https%3A%2F%2Fwww.catalyseurs-fap24.fr%2F|target:_blank\u00a0\u00bb][\/vc_column][\/vc_row][vc_row el_class=\u00a0\u00bbmap-area\u00a0\u00bb][vc_column width=\u00a0\u00bb7\/12&Prime; css=\u00a0\u00bb.vc_custom_1675351531696{padding-top: 0px !important;padding-right: 0px !important;padding-bottom: 0px !important;padding-left: 0px !important;}\u00a0\u00bb][vc_gmaps link=\u00a0\u00bb#E-8_JTNDaWZyYW1lJTIwc3JjJTNEJTIyaHR0cHMlM0ElMkYlMkZ3d3cuZ29vZ2xlLmNvbSUyRm1hcHMlMkZlbWJlZCUzRnBiJTNEJTIxMW0xNCUyMTFtOCUyMTFtMyUyMTFkMjM1NC42NzUwMzg4MDkzNDk2JTIxMmQxMC40OTAyNDUxJTIxM2Q1My44MzA4NTY3JTIxM20yJTIxMWkxMDI0JTIxMmk3NjglMjE0ZjEzLjElMjEzbTMlMjExbTIlMjExczB4MCUyNTNBMHg2YThiYWQxZGE1MmI4YmI0JTIxMnNDb25UcmEtQXV0b21vdGl2ZSUyNTIwR21iSCUyMTVlMCUyMTNtMiUyMTFzZW4lMjEycyUyMTR2MTY3NTc0NzI5MDg5OCUyMTVtMiUyMTFzZW4lMjEycyUyMiUyMGhlaWdodCUzRCUyMjUwMCUyMiUyMHN0eWxlJTNEJTIyYm9yZGVyJTNBMCUzQiUyMiUyMGFsbG93ZnVsbHNjcmVlbiUzRCUyMiUyMiUyMGxvYWRpbmclM0QlMjJsYXp5JTIyJTIwcmVmZXJyZXJwb2xpY3klM0QlMjJuby1yZWZlcnJlci13aGVuLWRvd25ncmFkZSUyMiUzRSUzQyUyRmlmcmFtZSUzRQ==\u00a0\u00bb css=\u00a0\u00bb.vc_custom_1675747372328{margin-bottom: 0px !important;}\u00a0\u00bb][\/vc_column][vc_column width=\u00a0\u00bb5\/12&Prime; el_class=\u00a0\u00bbhome-contact\u00a0\u00bb][vc_row_inner el_class=\u00a0\u00bbmartopbot80&Prime;][vc_column_inner css=\u00a0\u00bb.vc_custom_1675350881796{padding-right: 0px !important;padding-left: 0px !important;}\u00a0\u00bb][vc_icon icon_fontawesome=\u00a0\u00bbfas fa-map-marker-alt\u00a0\u00bb color=\u00a0\u00bbcustom\u00a0\u00bb custom_color=\u00a0\u00bb#0470ce\u00a0\u00bb css=\u00a0\u00bb.vc_custom_1675351505160{margin-bottom: 0px !important;}\u00a0\u00bb el_class=\u00a0\u00bbfoot-cont-icon\u00a0\u00bb][vc_column_text el_class=\u00a0\u00bbfoot-cont-txt\u00a0\u00bb css=\u00a0\u00bb.vc_custom_1676905226546{margin-bottom: 0px !important;}\u00a0\u00bb]<strong>ConTra-Automotive GmbH<\/strong><br \/>\nBahnhofstra\u00dfe 18 A<br \/>\n23858 Reinfeld<\/p>\n<p><a href=\"https:\/\/www.google.de\/maps\/place\/ConTra-Automotive+GmbH\/@53.8308567,10.4902451,17z\/data=!4m13!1m7!3m6!1s0x47b21045c8bdc651:0xd55cc31b6df71b0f!2sBahnhofstra\u00dfe+18,+23858+Reinfeld!3b1!8m2!3d53.8308567!4d10.4924391!3m4!1s0x0:0x6a8bad1da52b8bb4!8m2!3d53.8303581!4d10.4934011\" target=\"_blank\" rel=\"noopener\">Obtenir des directions<\/a>[\/vc_column_text][\/vc_column_inner][vc_column_inner css=\u00a0\u00bb.vc_custom_1675351310313{margin-top: 30px !important;padding-right: 0px !important;padding-left: 0px !important;}\u00a0\u00bb][vc_icon icon_fontawesome=\u00a0\u00bbfas fa-phone-alt\u00a0\u00bb color=\u00a0\u00bbcustom\u00a0\u00bb custom_color=\u00a0\u00bb#0470ce\u00a0\u00bb css=\u00a0\u00bb.vc_custom_1675351486851{margin-bottom: 0px !important;}\u00a0\u00bb el_class=\u00a0\u00bbfoot-cont-icon\u00a0\u00bb][vc_column_text el_class=\u00a0\u00bbfoot-cont-txt\u00a0\u00bb css=\u00a0\u00bb.vc_custom_1675405289282{margin-bottom: 0px !important;}\u00a0\u00bb]<a href=\"tel:+49 4533 79900-0\">Tel. +49 4533 79900-0<\/a>[\/vc_column_text][vc_icon icon_fontawesome=\u00a0\u00bbfas fa-envelope\u00a0\u00bb color=\u00a0\u00bbcustom\u00a0\u00bb custom_color=\u00a0\u00bb#0470ce\u00a0\u00bb css=\u00a0\u00bb.vc_custom_1675351495482{margin-bottom: 0px !important;}\u00a0\u00bb el_class=\u00a0\u00bbfoot-cont-icon\u00a0\u00bb][vc_column_text el_class=\u00a0\u00bbfoot-cont-txt\u00a0\u00bb]<a href=\"mailto:info@contra-automotive.de\">info@contra-automotive.de<\/a>[\/vc_column_text][\/vc_column_inner][\/vc_row_inner][\/vc_column][\/vc_row]<\/p>\n<\/section>","protected":false},"excerpt":{"rendered":"<p>[vc_row full_width=\u00a0\u00bbstretch_row_content\u00a0\u00bb el_class=\u00a0\u00bbtop-video desk-only\u00a0\u00bb css=\u00a0\u00bb.vc_custom_1675495207720{margin-bottom: 60px !important;}\u00a0\u00bb][vc_column css=\u00a0\u00bb.vc_custom_1675320301480{padding-right: 0px !important;padding-left: 0px !important;}\u00a0\u00bb][vc_column_text css=\u00a0\u00bb.vc_custom_1678180777654{margin-bottom: 0px !important;}\u00a0\u00bb] Bienvenue chez ConTra-Automotive GmbH Grossiste sp\u00e9cialis\u00e9 en technologie d&rsquo;\u00e9chappement [\/vc_column_text][\/vc_column][\/vc_row][vc_row full_width=\u00a0\u00bbstretch_row_content_no_spaces\u00a0\u00bb el_class=\u00a0\u00bbres-only\u00a0\u00bb][vc_column el_class=\u00a0\u00bbmhome-img\u00a0\u00bb][vc_single_image image=\u00a0\u00bb399&Prime; img_size=\u00a0\u00bbfull\u00a0\u00bb css=\u00a0\u00bb.vc_custom_1675496460644{margin-bottom: 0px !important;}\u00a0\u00bb][vc_column_text el_class=\u00a0\u00bbmobile-home-slide-txt\u00a0\u00bb]Bienvenue \u00e0 ConTra Automotive GmbH Grossiste sp\u00e9cialis\u00e9 en technologie d&rsquo;\u00e9chappement [\/vc_column_text][vc_video link=\u00a0\u00bbhttps:\/\/www.youtube.com\/watch?v=5tbj9izksrk\u00a0\u00bb align=\u00a0\u00bbcenter\u00a0\u00bb el_class=\u00a0\u00bbmbl-video\u00a0\u00bb][\/vc_column][\/vc_row][vc_row el_class=\u00a0\u00bbmartopbot80&Prime;][vc_column width=\u00a0\u00bb1\/2&Prime;][vc_video link=\u00a0\u00bbhttps:\/\/www.youtube.com\/watch?v=5tbj9izksrk\u00a0\u00bb align=\u00a0\u00bbcenter\u00a0\u00bb el_class=\u00a0\u00bbdesk-only\u00a0\u00bb][\/vc_column][vc_column width=\u00a0\u00bb1\/2&Prime;][vc_column_text css=\u00a0\u00bb.vc_custom_1677672179248{margin-bottom: 20px [&hellip;]<\/p>\n","protected":false},"author":1,"featured_media":0,"parent":0,"menu_order":0,"comment_status":"closed","ping_status":"closed","template":"","meta":{"site-sidebar-layout":"no-sidebar","site-content-layout":"plain-container","ast-site-content-layout":"","site-content-style":"default","site-sidebar-style":"default","ast-global-header-display":"","ast-banner-title-visibility":"","ast-main-header-display":"","ast-hfb-above-header-display":"","ast-hfb-below-header-display":"","ast-hfb-mobile-header-display":"","site-post-title":"disabled","ast-breadcrumbs-content":"","ast-featured-img":"disabled","footer-sml-layout":"","theme-transparent-header-meta":"default","adv-header-id-meta":"","stick-header-meta":"","header-above-stick-meta":"","header-main-stick-meta":"","header-below-stick-meta":"","astra-migrate-meta-layouts":"default","ast-page-background-enabled":"default","ast-page-background-meta":{"desktop":{"background-color":"var(--ast-global-color-4)","background-image":"","background-repeat":"repeat","background-position":"center center","background-size":"auto","background-attachment":"scroll","background-type":"","background-media":"","overlay-type":"","overlay-color":"","overlay-opacity":"","overlay-gradient":""},"tablet":{"background-color":"","background-image":"","background-repeat":"repeat","background-position":"center center","background-size":"auto","background-attachment":"scroll","background-type":"","background-media":"","overlay-type":"","overlay-color":"","overlay-opacity":"","overlay-gradient":""},"mobile":{"background-color":"","background-image":"","background-repeat":"repeat","background-position":"center center","background-size":"auto","background-attachment":"scroll","background-type":"","background-media":"","overlay-type":"","overlay-color":"","overlay-opacity":"","overlay-gradient":""}},"ast-content-background-meta":{"desktop":{"background-color":"var(--ast-global-color-5)","background-image":"","background-repeat":"repeat","background-position":"center center","background-size":"auto","background-attachment":"scroll","background-type":"","background-media":"","overlay-type":"","overlay-color":"","overlay-opacity":"","overlay-gradient":""},"tablet":{"background-color":"var(--ast-global-color-5)","background-image":"","background-repeat":"repeat","background-position":"center center","background-size":"auto","background-attachment":"scroll","background-type":"","background-media":"","overlay-type":"","overlay-color":"","overlay-opacity":"","overlay-gradient":""},"mobile":{"background-color":"var(--ast-global-color-5)","background-image":"","background-repeat":"repeat","background-position":"center center","background-size":"auto","background-attachment":"scroll","background-type":"","background-media":"","overlay-type":"","overlay-color":"","overlay-opacity":"","overlay-gradient":""}},"footnotes":""},"class_list":["post-9","page","type-page","status-publish","hentry"],"_links":{"self":[{"href":"https:\/\/www.contra-automotive.de\/fr\/wp-json\/wp\/v2\/pages\/9","targetHints":{"allow":["GET"]}}],"collection":[{"href":"https:\/\/www.contra-automotive.de\/fr\/wp-json\/wp\/v2\/pages"}],"about":[{"href":"https:\/\/www.contra-automotive.de\/fr\/wp-json\/wp\/v2\/types\/page"}],"author":[{"embeddable":true,"href":"https:\/\/www.contra-automotive.de\/fr\/wp-json\/wp\/v2\/users\/1"}],"replies":[{"embeddable":true,"href":"https:\/\/www.contra-automotive.de\/fr\/wp-json\/wp\/v2\/comments?post=9"}],"version-history":[{"count":182,"href":"https:\/\/www.contra-automotive.de\/fr\/wp-json\/wp\/v2\/pages\/9\/revisions"}],"predecessor-version":[{"id":689,"href":"https:\/\/www.contra-automotive.de\/fr\/wp-json\/wp\/v2\/pages\/9\/revisions\/689"}],"wp:attachment":[{"href":"https:\/\/www.contra-automotive.de\/fr\/wp-json\/wp\/v2\/media?parent=9"}],"curies":[{"name":"wp","href":"https:\/\/api.w.org\/{rel}","templated":true}]}}