{"id":76,"date":"2023-02-01T14:21:40","date_gmt":"2023-02-01T14:21:40","guid":{"rendered":"http:\/\/localhost\/ConTra\/?page_id=76"},"modified":"2023-02-21T11:01:15","modified_gmt":"2023-02-21T11:01:15","slug":"imprint","status":"publish","type":"page","link":"https:\/\/www.contra-automotive.de\/fr\/imprint\/","title":{"rendered":"Imprimer"},"content":{"rendered":"<section class=\"wpb-content-wrapper\"><p>[vc_row full_width=\u00a0\u00bbstretch_row_content_no_spaces\u00a0\u00bb][vc_column][vc_single_image image=\u00a0\u00bb447&Prime; img_size=\u00a0\u00bbfull\u00a0\u00bb el_class=\u00a0\u00bbdesk-only\u00a0\u00bb][vc_single_image image=\u00a0\u00bb448&Prime; img_size=\u00a0\u00bbfull\u00a0\u00bb el_class=\u00a0\u00bbres-only mhome-img\u00a0\u00bb][\/vc_column][\/vc_row][vc_row el_class=\u00a0\u00bbmax-wdth820&Prime;][vc_column][vc_column_text]<strong>ConTra-Automotive GmbH<\/strong><br \/>\nBahnhofstra\u00dfe 18 A<br \/>\n23858 Reinfeld<br \/>\nDeutschland<\/p>\n<p>&nbsp;<\/p>\n<p><strong>Tel.:<\/strong> <a style=\"color: #212121;\" href=\"tel:+49 (0) 4533 799000\">+49 (0) 4533 799000<\/a><br \/>\n<strong>E-Mail:<\/strong> <a style=\"color: #212121;\" href=\"mailto:info@contra-automotive.de\">info@contra-automotive.de<\/a><\/p>\n<p>&nbsp;<\/p>\n<p>Tribunal d&rsquo;enregistrement : tribunal de district de L\u00fcbeck<br \/>\nNum\u00e9ro d&rsquo;enregistrement : HRB 15923<\/p>\n<p>Directeur g\u00e9n\u00e9ral HL\u00a0: Hellmuth Schultz<\/p>\n<p>Num\u00e9ro d&rsquo;identification fiscale selon \u00a7 27 a loi sur la taxe de vente : DE306928193 \/ FR82884497983<\/p>\n<p>ID LUCIDE\u00a0: DE5863254671226<\/p>\n<p>Plateforme de r\u00e8glement en ligne des litiges de la Commission europ\u00e9enne\u00a0: <a href=\"https:\/\/ec.europa.eu\/consumers\/odr\/\" target=\"_blank\" rel=\"noopener\">www.ec.europa.eu\/consumers\/odr<\/a><\/p>\n<p>Nous ne sommes ni oblig\u00e9s ni dispos\u00e9s \u00e0 participer \u00e0 une proc\u00e9dure de r\u00e8glement des litiges devant un conseil d&rsquo;arbitrage des consommateurs.<\/p>\n<div class=\"mobile-cent\"><img decoding=\"async\" src=\"https:\/\/www.it-recht-kanzlei.de\/gfx\/Logos\/logo-fairness-160.png\" \/><br \/>\n<a href=\"http:\/\/www.fairness-im-handel.de\/\" target=\"_blank\" rel=\"noopener\">fairness-im-handel.de<\/a><\/div>\n<p>[\/vc_column_text][\/vc_column][\/vc_row]<\/p>\n<\/section>","protected":false},"excerpt":{"rendered":"<p>[vc_row full_width=\u00a0\u00bbstretch_row_content_no_spaces\u00a0\u00bb][vc_column][vc_single_image image=\u00a0\u00bb447&Prime; img_size=\u00a0\u00bbfull\u00a0\u00bb el_class=\u00a0\u00bbdesk-only\u00a0\u00bb][vc_single_image image=\u00a0\u00bb448&Prime; img_size=\u00a0\u00bbfull\u00a0\u00bb el_class=\u00a0\u00bbres-only mhome-img\u00a0\u00bb][\/vc_column][\/vc_row][vc_row el_class=\u00a0\u00bbmax-wdth820&Prime;][vc_column][vc_column_text]ConTra-Automotive GmbH Bahnhofstra\u00dfe 18 A 23858 Reinfeld Deutschland &nbsp; Tel.: +49 (0) 4533 799000 E-Mail: info@contra-automotive.de &nbsp; Tribunal d&rsquo;enregistrement : tribunal de district de L\u00fcbeck Num\u00e9ro d&rsquo;enregistrement : HRB 15923 Directeur g\u00e9n\u00e9ral HL\u00a0: Hellmuth Schultz Num\u00e9ro d&rsquo;identification fiscale selon \u00a7 27 a loi sur la taxe [&hellip;]<\/p>\n","protected":false},"author":1,"featured_media":0,"parent":0,"menu_order":0,"comment_status":"closed","ping_status":"closed","template":"","meta":{"site-sidebar-layout":"no-sidebar","site-content-layout":"plain-container","ast-site-content-layout":"","site-content-style":"default","site-sidebar-style":"default","ast-global-header-display":"","ast-banner-title-visibility":"","ast-main-header-display":"","ast-hfb-above-header-display":"","ast-hfb-below-header-display":"","ast-hfb-mobile-header-display":"","site-post-title":"","ast-breadcrumbs-content":"","ast-featured-img":"disabled","footer-sml-layout":"","theme-transparent-header-meta":"default","adv-header-id-meta":"","stick-header-meta":"","header-above-stick-meta":"","header-main-stick-meta":"","header-below-stick-meta":"","astra-migrate-meta-layouts":"default","ast-page-background-enabled":"default","ast-page-background-meta":{"desktop":{"background-color":"var(--ast-global-color-4)","background-image":"","background-repeat":"repeat","background-position":"center center","background-size":"auto","background-attachment":"scroll","background-type":"","background-media":"","overlay-type":"","overlay-color":"","overlay-opacity":"","overlay-gradient":""},"tablet":{"background-color":"","background-image":"","background-repeat":"repeat","background-position":"center center","background-size":"auto","background-attachment":"scroll","background-type":"","background-media":"","overlay-type":"","overlay-color":"","overlay-opacity":"","overlay-gradient":""},"mobile":{"background-color":"","background-image":"","background-repeat":"repeat","background-position":"center center","background-size":"auto","background-attachment":"scroll","background-type":"","background-media":"","overlay-type":"","overlay-color":"","overlay-opacity":"","overlay-gradient":""}},"ast-content-background-meta":{"desktop":{"background-color":"var(--ast-global-color-5)","background-image":"","background-repeat":"repeat","background-position":"center center","background-size":"auto","background-attachment":"scroll","background-type":"","background-media":"","overlay-type":"","overlay-color":"","overlay-opacity":"","overlay-gradient":""},"tablet":{"background-color":"var(--ast-global-color-5)","background-image":"","background-repeat":"repeat","background-position":"center center","background-size":"auto","background-attachment":"scroll","background-type":"","background-media":"","overlay-type":"","overlay-color":"","overlay-opacity":"","overlay-gradient":""},"mobile":{"background-color":"var(--ast-global-color-5)","background-image":"","background-repeat":"repeat","background-position":"center center","background-size":"auto","background-attachment":"scroll","background-type":"","background-media":"","overlay-type":"","overlay-color":"","overlay-opacity":"","overlay-gradient":""}},"footnotes":""},"class_list":["post-76","page","type-page","status-publish","hentry"],"_links":{"self":[{"href":"https:\/\/www.contra-automotive.de\/fr\/wp-json\/wp\/v2\/pages\/76","targetHints":{"allow":["GET"]}}],"collection":[{"href":"https:\/\/www.contra-automotive.de\/fr\/wp-json\/wp\/v2\/pages"}],"about":[{"href":"https:\/\/www.contra-automotive.de\/fr\/wp-json\/wp\/v2\/types\/page"}],"author":[{"embeddable":true,"href":"https:\/\/www.contra-automotive.de\/fr\/wp-json\/wp\/v2\/users\/1"}],"replies":[{"embeddable":true,"href":"https:\/\/www.contra-automotive.de\/fr\/wp-json\/wp\/v2\/comments?post=76"}],"version-history":[{"count":19,"href":"https:\/\/www.contra-automotive.de\/fr\/wp-json\/wp\/v2\/pages\/76\/revisions"}],"predecessor-version":[{"id":599,"href":"https:\/\/www.contra-automotive.de\/fr\/wp-json\/wp\/v2\/pages\/76\/revisions\/599"}],"wp:attachment":[{"href":"https:\/\/www.contra-automotive.de\/fr\/wp-json\/wp\/v2\/media?parent=76"}],"curies":[{"name":"wp","href":"https:\/\/api.w.org\/{rel}","templated":true}]}}