{"id":20,"date":"2023-02-01T10:06:38","date_gmt":"2023-02-01T10:06:38","guid":{"rendered":"http:\/\/localhost\/ConTra\/?page_id=20"},"modified":"2023-03-01T14:38:50","modified_gmt":"2023-03-01T14:38:50","slug":"product-range","status":"publish","type":"page","link":"https:\/\/www.contra-automotive.de\/fr\/product-range\/","title":{"rendered":"Gamme de produits"},"content":{"rendered":"<section class=\"wpb-content-wrapper\"><p><\/p>\n<p>[vc_row full_width=\u00a0\u00bbstretch_row_content_no_spaces\u00a0\u00bb el_class=\u00a0\u00bbhead-area\u00a0\u00bb][vc_column el_class=\u00a0\u00bbproduct-range-top\u00a0\u00bb][vc_single_image image=\u00a0\u00bb165&Prime; img_size=\u00a0\u00bbfull\u00a0\u00bb el_class=\u00a0\u00bbdesk-only\u00a0\u00bb][vc_single_image image=\u00a0\u00bb436&Prime; img_size=\u00a0\u00bbfull\u00a0\u00bb el_class=\u00a0\u00bbres-only\u00a0\u00bb][\/vc_column][\/vc_row][vc_row css=\u00a0\u00bb.vc_custom_1675426933355{margin-top: 60px !important;}\u00a0\u00bb][vc_column][vc_column_text]<\/p>\n<h2 style=\"text-align: center;\"><span style=\"font-weight: 200; color: #212121;\">Tout ce que nous avons &#8211;<\/span><br \/>\nUne des gammes les plus larges d&rsquo;Europe<\/h2>\n<p>[\/vc_column_text][\/vc_column][\/vc_row][vc_row css=\u00a0\u00bb.vc_custom_1675425540363{margin-bottom: 80px !important;}\u00a0\u00bb][vc_column][vc_row_inner el_class=\u00a0\u00bbmax-wdth1575&Prime;][vc_column_inner el_class=\u00a0\u00bbprage-top-col\u00a0\u00bb width=\u00a0\u00bb1\/4&Prime;][vc_single_image image=\u00a0\u00bb298&Prime; img_size=\u00a0\u00bbfull\u00a0\u00bb alignment=\u00a0\u00bbcenter\u00a0\u00bb onclick=\u00a0\u00bbcustom_link\u00a0\u00bb css=\u00a0\u00bb.vc_custom_1676292837388{margin-bottom: 0px !important;}\u00a0\u00bb link=\u00a0\u00bbhttps:\/\/www.contra-automotive.de\/product-range\/#DieselParticulateFilters\u00a0\u00bb][vc_column_text css=\u00a0\u00bb.vc_custom_1677680062745{margin-bottom: 15px !important;}\u00a0\u00bb]<a href=\"https:\/\/www.contra-automotive.de\/product-range\/#DieselParticulateFilters\"><br \/>\n<strong>Filtre \u00e0 Particule<\/strong><\/a>[\/vc_column_text][\/vc_column_inner][vc_column_inner el_class=\u00a0\u00bbprage-top-col\u00a0\u00bb width=\u00a0\u00bb1\/4&Prime;][vc_single_image image=\u00a0\u00bb297&Prime; img_size=\u00a0\u00bbfull\u00a0\u00bb alignment=\u00a0\u00bbcenter\u00a0\u00bb onclick=\u00a0\u00bbcustom_link\u00a0\u00bb css=\u00a0\u00bb.vc_custom_1676292828684{margin-bottom: 33px !important;}\u00a0\u00bb link=\u00a0\u00bbhttps:\/\/www.contra-automotive.de\/product-range\/#CatalyticConverters\u00a0\u00bb][vc_column_text css=\u00a0\u00bb.vc_custom_1677680087103{margin-bottom: 15px !important;}\u00a0\u00bb]<a href=\"https:\/\/www.contra-automotive.de\/product-range\/#CatalyticConverters\"><strong>Catalyseurs<\/strong><\/a>[\/vc_column_text][\/vc_column_inner][vc_column_inner el_class=\u00a0\u00bbprage-top-col\u00a0\u00bb width=\u00a0\u00bb1\/4&Prime;][vc_single_image image=\u00a0\u00bb300&Prime; img_size=\u00a0\u00bbfull\u00a0\u00bb alignment=\u00a0\u00bbcenter\u00a0\u00bb onclick=\u00a0\u00bbcustom_link\u00a0\u00bb css=\u00a0\u00bb.vc_custom_1677680713106{margin-bottom: 0px !important;}\u00a0\u00bb link=\u00a0\u00bbhttps:\/\/www.contra-automotive.de\/product-range\/#PressureSensors\u00a0\u00bb][vc_column_text css=\u00a0\u00bb.vc_custom_1677680120343{margin-bottom: 15px !important;}\u00a0\u00bb]<a href=\"https:\/\/www.contra-automotive.de\/product-range\/#PressureSensors\">capteurs de<strong> pression diff\u00e9rentielle<\/strong><\/a>[\/vc_column_text][\/vc_column_inner][vc_column_inner el_class=\u00a0\u00bbprage-top-col\u00a0\u00bb width=\u00a0\u00bb1\/4&Prime;][vc_single_image image=\u00a0\u00bb299&Prime; img_size=\u00a0\u00bbfull\u00a0\u00bb alignment=\u00a0\u00bbcenter\u00a0\u00bb onclick=\u00a0\u00bbcustom_link\u00a0\u00bb css=\u00a0\u00bb.vc_custom_1676292805243{margin-bottom: 0px !important;}\u00a0\u00bb link=\u00a0\u00bbhttps:\/\/www.contra-automotive.de\/product-range\/#ExhaustTemperatureSensors\u00a0\u00bb][vc_column_text css=\u00a0\u00bb.vc_custom_1677680149215{margin-bottom: 15px !important;}\u00a0\u00bb]<a href=\"https:\/\/www.contra-automotive.de\/product-range\/#ExhaustTemperatureSensors\">Capteur de<br \/>\n<strong> Temp\u00e9rature<\/strong><\/a>[\/vc_column_text][\/vc_column_inner][\/vc_row_inner][\/vc_column][\/vc_row][vc_row full_width=\u00a0\u00bbstretch_row_content_no_spaces\u00a0\u00bb css=\u00a0\u00bb.vc_custom_1675430614884{margin-bottom: 80px !important;}\u00a0\u00bb el_id=\u00a0\u00bbDieselParticulateFilters\u00a0\u00bb el_class=\u00a0\u00bbprange-left-DieselFilter\u00a0\u00bb][vc_column][vc_row_inner el_class=\u00a0\u00bbmax-wdth1575&Prime;][vc_column_inner width=\u00a0\u00bb1\/2&Prime;][vc_single_image image=\u00a0\u00bb187&Prime; img_size=\u00a0\u00bbfull\u00a0\u00bb alignment=\u00a0\u00bbcenter\u00a0\u00bb el_class=\u00a0\u00bbres-only\u00a0\u00bb][vc_column_text]Le viseur<\/p>\n<h1>Filtre \u00e0 particules diesel<\/h1>\n<p>[\/vc_column_text][vc_column_text el_class=\u00a0\u00bbgreen-chk\u00a0\u00bb]<\/p>\n<ul>\n<li>Plus de 450 r\u00e9f\u00e9rences disponibles dans notre entrep\u00f4t<\/li>\n<li>Convient pour plus de 6000 K-Type\/v\u00e9hicules<\/li>\n<li>Plus de 100 nouvelles pi\u00e8ces sont r\u00e9f\u00e9renc\u00e9es chaque ann\u00e9e<\/li>\n<\/ul>\n<p>[\/vc_column_text][vc_column_text el_class=\u00a0\u00bbtick\u00a0\u00bb]<\/p>\n<ul>\n<li>Homologu\u00e9 \u00e0 la CEE-ONU R-103<\/li>\n<li>Produits 100% commercialisables, toujours avec e-mark<\/li>\n<li>Norme EURO correcte en d\u00e9limitant le code moteur et l&rsquo;ann\u00e9e de fabrication<\/li>\n<li>Haute pr\u00e9cision d&rsquo;ajustement<\/li>\n<li>Fabriqu\u00e9 selon les sp\u00e9cifications OEM<\/li>\n<li>Livr\u00e9 dans un emballage de protection, g\u00e9n\u00e9ralement avec mat\u00e9riel de montage<\/li>\n<li>Environ 80% de la gamme toujours avec de nouvelles lignes de pression<\/li>\n<li>Guide d&rsquo;installation disponible en PDF<\/li>\n<li>Large gamme \u00e0 partir d&rsquo;Euro 4<\/li>\n<li>Tous les produits proviennent exclusivement de distributeurs europ\u00e9ens<\/li>\n<\/ul>\n<p>[\/vc_column_text][\/vc_column_inner][vc_column_inner width=\u00a0\u00bb1\/2&Prime;][vc_single_image image=\u00a0\u00bb187&Prime; img_size=\u00a0\u00bbfull\u00a0\u00bb alignment=\u00a0\u00bbcenter\u00a0\u00bb el_class=\u00a0\u00bbdesk-only\u00a0\u00bb][\/vc_column_inner][\/vc_row_inner][\/vc_column][\/vc_row][vc_row full_width=\u00a0\u00bbstretch_row_content\u00a0\u00bb css=\u00a0\u00bb.vc_custom_1675426650815{padding-top: 100px !important;padding-bottom: 100px !important;background-color: #f5f6f8 !important;}\u00a0\u00bb el_id=\u00a0\u00bbCatalyticConverters\u00a0\u00bb][vc_column][vc_row_inner el_class=\u00a0\u00bbmax-wdth1575&Prime;][vc_column_inner width=\u00a0\u00bb1\/2&Prime;][vc_single_image image=\u00a0\u00bb198&Prime; img_size=\u00a0\u00bbfull\u00a0\u00bb][\/vc_column_inner][vc_column_inner width=\u00a0\u00bb1\/2&Prime;][vc_column_text]Le viseur<\/p>\n<h1>Convertisseurs catalytiques<\/h1>\n<p>[\/vc_column_text][vc_column_text el_class=\u00a0\u00bbgreen-chk\u00a0\u00bb]<\/p>\n<ul>\n<li>Plus de 600 r\u00e9f\u00e9rences disponibles dans notre entrep\u00f4t<\/li>\n<li>Plus de 150 nouvelles pi\u00e8ces sont r\u00e9f\u00e9renc\u00e9es chaque ann\u00e9e<\/li>\n<\/ul>\n<p>[\/vc_column_text][vc_column_text el_class=\u00a0\u00bbtick\u00a0\u00bb]<\/p>\n<ul>\n<li>Homologu\u00e9 \u00e0 la CEE-ONU R-103<\/li>\n<li>Produits 100% commercialisables, toujours avec E-mark<\/li>\n<li>Norme EURO correcte en d\u00e9limitant le code moteur et l&rsquo;ann\u00e9e de fabrication<\/li>\n<li>Haute pr\u00e9cision d&rsquo;ajustement<\/li>\n<li>Fabriqu\u00e9 selon les sp\u00e9cifications OEM<\/li>\n<li>G\u00e9n\u00e9ralement avec kit de montage<\/li>\n<li>Instructions d&rsquo;installation disponibles au format PDF<\/li>\n<li>Large gamme de produits Euro4<\/li>\n<li>Tous les produits proviennent exclusivement de distributeurs europ\u00e9ens<\/li>\n<\/ul>\n<p>[\/vc_column_text][\/vc_column_inner][\/vc_row_inner][\/vc_column][\/vc_row][vc_row full_width=\u00a0\u00bbstretch_row_content_no_spaces\u00a0\u00bb css=\u00a0\u00bb.vc_custom_1675430759407{margin-top: 80px !important;margin-bottom: 80px !important;}\u00a0\u00bb el_class=\u00a0\u00bbprange-left-Fittingkits\u00a0\u00bb][vc_column][vc_row_inner el_class=\u00a0\u00bbmax-wdth1575&Prime;][vc_column_inner width=\u00a0\u00bb1\/2&Prime;][vc_single_image image=\u00a0\u00bb195&Prime; img_size=\u00a0\u00bbfull\u00a0\u00bb alignment=\u00a0\u00bbcenter\u00a0\u00bb el_class=\u00a0\u00bbres-only\u00a0\u00bb][vc_column_text]Le viseur<\/p>\n<h1>Kits de montage assortis<\/h1>\n<p>[\/vc_column_text][vc_column_text el_class=\u00a0\u00bbtick\u00a0\u00bb]<\/p>\n<ul>\n<li>Pour filtres \u00e0 particules diesel et pots catalytiques<\/li>\n<li>Contenu et port\u00e9e selon les images du produit<\/li>\n<li>Contient des pinces doubles, des joints, des supports, des cintres en caoutchouc, des joints de collecteur, des goujons et des \u00e9crous autobloquants<\/li>\n<li>Emball\u00e9 proprement et en toute s\u00e9curit\u00e9 pour le transport<\/li>\n<\/ul>\n<p>[\/vc_column_text][\/vc_column_inner][vc_column_inner width=\u00a0\u00bb1\/2&Prime;][vc_single_image image=\u00a0\u00bb195&Prime; img_size=\u00a0\u00bbfull\u00a0\u00bb alignment=\u00a0\u00bbcenter\u00a0\u00bb el_class=\u00a0\u00bbdesk-only\u00a0\u00bb][\/vc_column_inner][\/vc_row_inner][\/vc_column][\/vc_row][vc_row full_width=\u00a0\u00bbstretch_row_content\u00a0\u00bb css=\u00a0\u00bb.vc_custom_1675426771266{padding-top: 100px !important;padding-bottom: 100px !important;background-color: #f5f6f8 !important;}\u00a0\u00bb el_id=\u00a0\u00bbPressureSensors\u00a0\u00bb][vc_column][vc_row_inner el_class=\u00a0\u00bbmax-wdth1575&Prime;][vc_column_inner width=\u00a0\u00bb1\/2&Prime;][vc_single_image image=\u00a0\u00bb199&Prime; img_size=\u00a0\u00bbfull\u00a0\u00bb][\/vc_column_inner][vc_column_inner width=\u00a0\u00bb1\/2&Prime;][vc_column_text]Le viseur<\/p>\n<h1>Capteur de Pression Diff\u00e9rentielle<\/h1>\n<p>[\/vc_column_text][vc_column_text el_class=\u00a0\u00bbgreen-chk\u00a0\u00bb]<\/p>\n<ul>\n<li>48 r\u00e9f\u00e9rences, toujours disponibles<\/li>\n<li>Convient pour 5 250 K-Type \/ v\u00e9hicules<\/li>\n<li>36 pi\u00e8ces neuves en pr\u00e9paration<\/li>\n<\/ul>\n<p>[\/vc_column_text][vc_column_text el_class=\u00a0\u00bbtick\u00a0\u00bb]<\/p>\n<ul>\n<li>Les capteurs mesurent la pression diff\u00e9rentielle dans le DPF.<\/li>\n<li>Ils l&rsquo;utilisent pour surveiller le degr\u00e9 de charge de cendres et d\u00e9clencher le processus de r\u00e9g\u00e9n\u00e9ration.<\/li>\n<li>Au cours du cycle de vie, ce capteur ou les services peuvent \u00eatre obstru\u00e9s par de la suie et\/ou de la corrosion peut se former sur le connecteur.<\/li>\n<li>Par cons\u00e9quent, le remplacement avec le DPF est fortement recommand\u00e9<\/li>\n<\/ul>\n<p>[\/vc_column_text][\/vc_column_inner][\/vc_row_inner][\/vc_column][\/vc_row][vc_row full_width=\u00a0\u00bbstretch_row_content_no_spaces\u00a0\u00bb css=\u00a0\u00bb.vc_custom_1675430796308{margin-top: 80px !important;margin-bottom: 80px !important;}\u00a0\u00bb el_id=\u00a0\u00bbExhaustTemperatureSensors\u00a0\u00bb el_class=\u00a0\u00bbprange-left-Exhaust-Temperature\u00a0\u00bb][vc_column][vc_row_inner el_class=\u00a0\u00bbmax-wdth1575&Prime;][vc_column_inner width=\u00a0\u00bb1\/2&Prime;][vc_single_image image=\u00a0\u00bb194&Prime; img_size=\u00a0\u00bbfull\u00a0\u00bb alignment=\u00a0\u00bbcenter\u00a0\u00bb el_class=\u00a0\u00bbres-only\u00a0\u00bb][vc_column_text]Le viseur<\/p>\n<h1>Capteurs de Temp\u00e9rature des gaz D&rsquo;\u00e9chappement<\/h1>\n<p>[\/vc_column_text][vc_column_text el_class=\u00a0\u00bbgreen-chk\u00a0\u00bb]<\/p>\n<ul>\n<li>75 num\u00e9ros d&rsquo;articles, toujours disponibles<\/li>\n<li>Convient pour 2 622 K-Type \/ v\u00e9hicules<\/li>\n<li>38 pi\u00e8ces neuves en pr\u00e9paration<\/li>\n<\/ul>\n<p>[\/vc_column_text][vc_column_text el_class=\u00a0\u00bbtick\u00a0\u00bb]<\/p>\n<ul>\n<li>Les FAP doivent g\u00e9n\u00e9ralement \u00eatre remplac\u00e9s apr\u00e8s environ 100 000 \u00e0 150 000 km de kilom\u00e9trage.<\/li>\n<li>Les garages remplacent souvent ce capteur \u00e9galement, car il est difficile \u00e0 retirer de l&rsquo;ancien DPF.<\/li>\n<li>Si le capteur de temp\u00e9rature ne fonctionne pas correctement, la r\u00e9g\u00e9n\u00e9ration du DPF ne d\u00e9marrera pas ou ne se terminera pas correctement.<\/li>\n<li>Par cons\u00e9quent, le renouvellement du capteur, ainsi que du DPF, est fortement recommand\u00e9.<\/li>\n<\/ul>\n<p>[\/vc_column_text][\/vc_column_inner][vc_column_inner width=\u00a0\u00bb1\/2&Prime;][vc_single_image image=\u00a0\u00bb194&Prime; img_size=\u00a0\u00bbfull\u00a0\u00bb alignment=\u00a0\u00bbcenter\u00a0\u00bb el_class=\u00a0\u00bbdesk-only\u00a0\u00bb][\/vc_column_inner][\/vc_row_inner][\/vc_column][\/vc_row]<\/p>\n<p><\/p>\n<\/section>","protected":false},"excerpt":{"rendered":"<p>[vc_row full_width=\u00a0\u00bbstretch_row_content_no_spaces\u00a0\u00bb el_class=\u00a0\u00bbhead-area\u00a0\u00bb][vc_column el_class=\u00a0\u00bbproduct-range-top\u00a0\u00bb][vc_single_image image=\u00a0\u00bb165&Prime; img_size=\u00a0\u00bbfull\u00a0\u00bb el_class=\u00a0\u00bbdesk-only\u00a0\u00bb][vc_single_image image=\u00a0\u00bb436&Prime; img_size=\u00a0\u00bbfull\u00a0\u00bb el_class=\u00a0\u00bbres-only\u00a0\u00bb][\/vc_column][\/vc_row][vc_row css=\u00a0\u00bb.vc_custom_1675426933355{margin-top: 60px !important;}\u00a0\u00bb][vc_column][vc_column_text] Tout ce que nous avons &#8211; Une des gammes les plus larges d&rsquo;Europe [\/vc_column_text][\/vc_column][\/vc_row][vc_row css=\u00a0\u00bb.vc_custom_1675425540363{margin-bottom: 80px !important;}\u00a0\u00bb][vc_column][vc_row_inner el_class=\u00a0\u00bbmax-wdth1575&Prime;][vc_column_inner el_class=\u00a0\u00bbprage-top-col\u00a0\u00bb width=\u00a0\u00bb1\/4&Prime;][vc_single_image image=\u00a0\u00bb298&Prime; img_size=\u00a0\u00bbfull\u00a0\u00bb alignment=\u00a0\u00bbcenter\u00a0\u00bb onclick=\u00a0\u00bbcustom_link\u00a0\u00bb css=\u00a0\u00bb.vc_custom_1676292837388{margin-bottom: 0px !important;}\u00a0\u00bb link=\u00a0\u00bbhttps:\/\/www.contra-automotive.de\/product-range\/#DieselParticulateFilters\u00a0\u00bb][vc_column_text css=\u00a0\u00bb.vc_custom_1677680062745{margin-bottom: 15px !important;}\u00a0\u00bb] Filtre \u00e0 Particule[\/vc_column_text][\/vc_column_inner][vc_column_inner el_class=\u00a0\u00bbprage-top-col\u00a0\u00bb width=\u00a0\u00bb1\/4&Prime;][vc_single_image image=\u00a0\u00bb297&Prime; img_size=\u00a0\u00bbfull\u00a0\u00bb alignment=\u00a0\u00bbcenter\u00a0\u00bb onclick=\u00a0\u00bbcustom_link\u00a0\u00bb css=\u00a0\u00bb.vc_custom_1676292828684{margin-bottom: 33px [&hellip;]<\/p>\n","protected":false},"author":1,"featured_media":0,"parent":0,"menu_order":0,"comment_status":"closed","ping_status":"closed","template":"","meta":{"site-sidebar-layout":"no-sidebar","site-content-layout":"plain-container","ast-site-content-layout":"","site-content-style":"default","site-sidebar-style":"default","ast-global-header-display":"","ast-banner-title-visibility":"","ast-main-header-display":"","ast-hfb-above-header-display":"","ast-hfb-below-header-display":"","ast-hfb-mobile-header-display":"","site-post-title":"","ast-breadcrumbs-content":"","ast-featured-img":"disabled","footer-sml-layout":"","theme-transparent-header-meta":"default","adv-header-id-meta":"","stick-header-meta":"","header-above-stick-meta":"","header-main-stick-meta":"","header-below-stick-meta":"","astra-migrate-meta-layouts":"default","ast-page-background-enabled":"default","ast-page-background-meta":{"desktop":{"background-color":"var(--ast-global-color-4)","background-image":"","background-repeat":"repeat","background-position":"center center","background-size":"auto","background-attachment":"scroll","background-type":"","background-media":"","overlay-type":"","overlay-color":"","overlay-opacity":"","overlay-gradient":""},"tablet":{"background-color":"","background-image":"","background-repeat":"repeat","background-position":"center center","background-size":"auto","background-attachment":"scroll","background-type":"","background-media":"","overlay-type":"","overlay-color":"","overlay-opacity":"","overlay-gradient":""},"mobile":{"background-color":"","background-image":"","background-repeat":"repeat","background-position":"center center","background-size":"auto","background-attachment":"scroll","background-type":"","background-media":"","overlay-type":"","overlay-color":"","overlay-opacity":"","overlay-gradient":""}},"ast-content-background-meta":{"desktop":{"background-color":"var(--ast-global-color-5)","background-image":"","background-repeat":"repeat","background-position":"center center","background-size":"auto","background-attachment":"scroll","background-type":"","background-media":"","overlay-type":"","overlay-color":"","overlay-opacity":"","overlay-gradient":""},"tablet":{"background-color":"var(--ast-global-color-5)","background-image":"","background-repeat":"repeat","background-position":"center center","background-size":"auto","background-attachment":"scroll","background-type":"","background-media":"","overlay-type":"","overlay-color":"","overlay-opacity":"","overlay-gradient":""},"mobile":{"background-color":"var(--ast-global-color-5)","background-image":"","background-repeat":"repeat","background-position":"center center","background-size":"auto","background-attachment":"scroll","background-type":"","background-media":"","overlay-type":"","overlay-color":"","overlay-opacity":"","overlay-gradient":""}},"footnotes":""},"class_list":["post-20","page","type-page","status-publish","hentry"],"_links":{"self":[{"href":"https:\/\/www.contra-automotive.de\/fr\/wp-json\/wp\/v2\/pages\/20","targetHints":{"allow":["GET"]}}],"collection":[{"href":"https:\/\/www.contra-automotive.de\/fr\/wp-json\/wp\/v2\/pages"}],"about":[{"href":"https:\/\/www.contra-automotive.de\/fr\/wp-json\/wp\/v2\/types\/page"}],"author":[{"embeddable":true,"href":"https:\/\/www.contra-automotive.de\/fr\/wp-json\/wp\/v2\/users\/1"}],"replies":[{"embeddable":true,"href":"https:\/\/www.contra-automotive.de\/fr\/wp-json\/wp\/v2\/comments?post=20"}],"version-history":[{"count":80,"href":"https:\/\/www.contra-automotive.de\/fr\/wp-json\/wp\/v2\/pages\/20\/revisions"}],"predecessor-version":[{"id":678,"href":"https:\/\/www.contra-automotive.de\/fr\/wp-json\/wp\/v2\/pages\/20\/revisions\/678"}],"wp:attachment":[{"href":"https:\/\/www.contra-automotive.de\/fr\/wp-json\/wp\/v2\/media?parent=20"}],"curies":[{"name":"wp","href":"https:\/\/api.w.org\/{rel}","templated":true}]}}