{"id":18,"date":"2023-02-01T10:06:21","date_gmt":"2023-02-01T10:06:21","guid":{"rendered":"http:\/\/localhost\/ConTra\/?page_id=18"},"modified":"2023-03-01T12:22:17","modified_gmt":"2023-03-01T12:22:17","slug":"logistics","status":"publish","type":"page","link":"https:\/\/www.contra-automotive.de\/fr\/logistics\/","title":{"rendered":"Logistique"},"content":{"rendered":"<section class=\"wpb-content-wrapper\"><p>[vc_row full_width=\u00a0\u00bbstretch_row_content_no_spaces\u00a0\u00bb css=\u00a0\u00bb.vc_custom_1675431832305{margin-bottom: 0px !important;}\u00a0\u00bb el_class=\u00a0\u00bbhead-area\u00a0\u00bb][vc_column][vc_single_image image=\u00a0\u00bb163&Prime; img_size=\u00a0\u00bbfull\u00a0\u00bb css=\u00a0\u00bb.vc_custom_1675520182054{margin-bottom: 0px !important;}\u00a0\u00bb el_class=\u00a0\u00bbdesk-only\u00a0\u00bb][vc_single_image image=\u00a0\u00bb416&Prime; img_size=\u00a0\u00bbfull\u00a0\u00bb css=\u00a0\u00bb.vc_custom_1675520209619{margin-bottom: 0px !important;}\u00a0\u00bb el_class=\u00a0\u00bbres-only\u00a0\u00bb][\/vc_column][\/vc_row][vc_row full_width=\u00a0\u00bbstretch_row\u00a0\u00bb css=\u00a0\u00bb.vc_custom_1675407464677{margin-top: 0px !important;padding-top: 50px !important;background-color: #f5f6f8 !important;}\u00a0\u00bb][vc_column width=\u00a0\u00bb1\/4&Prime; el_class=\u00a0\u00bbbot-line\u00a0\u00bb][vc_single_image image=\u00a0\u00bb212&Prime; img_size=\u00a0\u00bb\u00a0\u00bb el_class=\u00a0\u00bblogistic-logo\u00a0\u00bb][vc_column_text]Les partenaires logistiques pour les colis sont GLS &amp; DPD[\/vc_column_text][\/vc_column][vc_column width=\u00a0\u00bb1\/4&Prime; el_class=\u00a0\u00bbbot-line\u00a0\u00bb][vc_single_image image=\u00a0\u00bb209&Prime; img_size=\u00a0\u00bbfull\u00a0\u00bb el_class=\u00a0\u00bblogistic-icon\u00a0\u00bb][vc_column_text]La logistique des palettes UE est assur\u00e9e par des transitaires[\/vc_column_text][\/vc_column][vc_column width=\u00a0\u00bb1\/4&Prime; el_class=\u00a0\u00bbbot-line\u00a0\u00bb][vc_single_image image=\u00a0\u00bb210&Prime; img_size=\u00a0\u00bbfull\u00a0\u00bb el_class=\u00a0\u00bblogistic-icon\u00a0\u00bb][vc_column_text]Livraison individuelle \u00e0 des succursales d\u00e9finies possible \u00e0 tout moment[\/vc_column_text][\/vc_column][vc_column width=\u00a0\u00bb1\/4&Prime; el_class=\u00a0\u00bbbot-line\u00a0\u00bb][vc_single_image image=\u00a0\u00bb208&Prime; img_size=\u00a0\u00bbfull\u00a0\u00bb el_class=\u00a0\u00bblogistic-icon\u00a0\u00bb][vc_column_text]Etiquette carton sur demande client selon cahier des charges[\/vc_column_text][\/vc_column][\/vc_row][vc_row full_width=\u00a0\u00bbstretch_row\u00a0\u00bb css=\u00a0\u00bb.vc_custom_1675407472316{padding-bottom: 50px !important;background-color: #f5f6f8 !important;}\u00a0\u00bb][vc_column width=\u00a0\u00bb1\/4&Prime; el_class=\u00a0\u00bbbot-line\u00a0\u00bb][vc_single_image image=\u00a0\u00bb215&Prime; img_size=\u00a0\u00bbfull\u00a0\u00bb el_class=\u00a0\u00bblogistic-icon\u00a0\u00bb][vc_column_text]Dropshipping volontiers sur demande[\/vc_column_text][\/vc_column][vc_column width=\u00a0\u00bb1\/4&Prime; el_class=\u00a0\u00bbbot-line\u00a0\u00bb][vc_single_image image=\u00a0\u00bb216&Prime; img_size=\u00a0\u00bbfull\u00a0\u00bb el_class=\u00a0\u00bblogistic-icon\u00a0\u00bb][vc_column_text]<span class=\"HwtZe\" lang=\"fr\"><span class=\"jCAhz ChMk0b\"><span class=\"ryNqvb\">Livraison le jour m\u00eame.<\/span><\/span> <span class=\"jCAhz ChMk0b\"><span class=\"ryNqvb\">Heure limite 13:00<\/span><\/span><\/span>[\/vc_column_text][\/vc_column][vc_column width=\u00a0\u00bb1\/4&Prime; el_class=\u00a0\u00bbbot-line\u00a0\u00bb][vc_single_image image=\u00a0\u00bb217&Prime; img_size=\u00a0\u00bbfull\u00a0\u00bb el_class=\u00a0\u00bblogistic-icon\u00a0\u00bb][vc_column_text]<span class=\"HwtZe\" lang=\"fr\"><span class=\"jCAhz ChMk0b\"><span class=\"ryNqvb\">Disponibilit\u00e9 &gt; 96%<\/span><\/span><\/span>[\/vc_column_text][\/vc_column][vc_column width=\u00a0\u00bb1\/4&Prime; el_class=\u00a0\u00bbbot-line\u00a0\u00bb][vc_single_image image=\u00a0\u00bb218&Prime; img_size=\u00a0\u00bbfull\u00a0\u00bb el_class=\u00a0\u00bblogistic-icon\u00a0\u00bb][vc_column_text]Exp\u00e9dition forfaitaire dans toute l&rsquo;Allemagne[\/vc_column_text][\/vc_column][\/vc_row][vc_row css=\u00a0\u00bb.vc_custom_1675408428887{margin-top: 60px !important;margin-bottom: 60px !important;}\u00a0\u00bb][vc_column width=\u00a0\u00bb1\/2&Prime;][vc_column_text el_class=\u00a0\u00bblogistic-head\u00a0\u00bb]Logistique<\/p>\n<h1>Cartons et Emballages<\/h1>\n<p>[\/vc_column_text][vc_column_text css=\u00a0\u00bb.vc_custom_1677673206618{margin-bottom: 0px !important;}\u00a0\u00bb]<\/p>\n<div class=\"logistic-foot\">\n<div class=\"logistic-num\">01<\/div>\n<div class=\"logistic-num-txt\">Carton solide double couche (Flute BC), mat et de haute qualit\u00e9.<\/div>\n<\/div>\n<div class=\"logistic-foot\">\n<div class=\"logistic-num\">02<\/div>\n<div class=\"logistic-num-txt\">Ruban adh\u00e9sif standard : \u00ab\u00a0ConTra\u00a0\u00bb CI ou neutre sur demande, inscription individuelle selon CI client.<\/div>\n<\/div>\n<p>[\/vc_column_text][\/vc_column][vc_column width=\u00a0\u00bb1\/2&Prime;][vc_column_text]<\/p>\n<div class=\"logistic-foot\">\n<div class=\"logistic-num\">03<\/div>\n<div class=\"logistic-num-txt\">Fourniture de bande\/\u00e9tiquette personnalis\u00e9e requise.<\/div>\n<\/div>\n<div class=\"logistic-foot\">\n<div class=\"logistic-num\">04<\/div>\n<div class=\"logistic-num-txt\">Peu de bo\u00eetes de tailles diff\u00e9rentes utilis\u00e9es, neuf tailles au total \u00e0 partir de 30x30x40, 30x30x120, 30x30x160 etc.<\/div>\n<\/div>\n<div class=\"logistic-foot\">\n<div class=\"logistic-num\">05<\/div>\n<div class=\"logistic-num-txt\">Produits emball\u00e9s pour un transport s\u00fbr avec un remplissage suppl\u00e9mentaire en mat\u00e9riau recycl\u00e9 (papier Schrenz neutre en CO\u00b2).<\/div>\n<\/div>\n<p>[\/vc_column_text][\/vc_column][\/vc_row]<\/p>\n<\/section>","protected":false},"excerpt":{"rendered":"<p>[vc_row full_width=\u00a0\u00bbstretch_row_content_no_spaces\u00a0\u00bb css=\u00a0\u00bb.vc_custom_1675431832305{margin-bottom: 0px !important;}\u00a0\u00bb el_class=\u00a0\u00bbhead-area\u00a0\u00bb][vc_column][vc_single_image image=\u00a0\u00bb163&Prime; img_size=\u00a0\u00bbfull\u00a0\u00bb css=\u00a0\u00bb.vc_custom_1675520182054{margin-bottom: 0px !important;}\u00a0\u00bb el_class=\u00a0\u00bbdesk-only\u00a0\u00bb][vc_single_image image=\u00a0\u00bb416&Prime; img_size=\u00a0\u00bbfull\u00a0\u00bb css=\u00a0\u00bb.vc_custom_1675520209619{margin-bottom: 0px !important;}\u00a0\u00bb el_class=\u00a0\u00bbres-only\u00a0\u00bb][\/vc_column][\/vc_row][vc_row full_width=\u00a0\u00bbstretch_row\u00a0\u00bb css=\u00a0\u00bb.vc_custom_1675407464677{margin-top: 0px !important;padding-top: 50px !important;background-color: #f5f6f8 !important;}\u00a0\u00bb][vc_column width=\u00a0\u00bb1\/4&Prime; el_class=\u00a0\u00bbbot-line\u00a0\u00bb][vc_single_image image=\u00a0\u00bb212&Prime; img_size=\u00a0\u00bb\u00a0\u00bb el_class=\u00a0\u00bblogistic-logo\u00a0\u00bb][vc_column_text]Les partenaires logistiques pour les colis sont GLS &amp; DPD[\/vc_column_text][\/vc_column][vc_column width=\u00a0\u00bb1\/4&Prime; el_class=\u00a0\u00bbbot-line\u00a0\u00bb][vc_single_image image=\u00a0\u00bb209&Prime; img_size=\u00a0\u00bbfull\u00a0\u00bb el_class=\u00a0\u00bblogistic-icon\u00a0\u00bb][vc_column_text]La logistique des palettes UE est assur\u00e9e par des transitaires[\/vc_column_text][\/vc_column][vc_column width=\u00a0\u00bb1\/4&Prime; [&hellip;]<\/p>\n","protected":false},"author":1,"featured_media":0,"parent":0,"menu_order":0,"comment_status":"closed","ping_status":"closed","template":"","meta":{"site-sidebar-layout":"no-sidebar","site-content-layout":"plain-container","ast-site-content-layout":"","site-content-style":"default","site-sidebar-style":"default","ast-global-header-display":"","ast-banner-title-visibility":"","ast-main-header-display":"","ast-hfb-above-header-display":"","ast-hfb-below-header-display":"","ast-hfb-mobile-header-display":"","site-post-title":"","ast-breadcrumbs-content":"","ast-featured-img":"disabled","footer-sml-layout":"","theme-transparent-header-meta":"default","adv-header-id-meta":"","stick-header-meta":"","header-above-stick-meta":"","header-main-stick-meta":"","header-below-stick-meta":"","astra-migrate-meta-layouts":"default","ast-page-background-enabled":"default","ast-page-background-meta":{"desktop":{"background-color":"var(--ast-global-color-4)","background-image":"","background-repeat":"repeat","background-position":"center center","background-size":"auto","background-attachment":"scroll","background-type":"","background-media":"","overlay-type":"","overlay-color":"","overlay-opacity":"","overlay-gradient":""},"tablet":{"background-color":"","background-image":"","background-repeat":"repeat","background-position":"center center","background-size":"auto","background-attachment":"scroll","background-type":"","background-media":"","overlay-type":"","overlay-color":"","overlay-opacity":"","overlay-gradient":""},"mobile":{"background-color":"","background-image":"","background-repeat":"repeat","background-position":"center center","background-size":"auto","background-attachment":"scroll","background-type":"","background-media":"","overlay-type":"","overlay-color":"","overlay-opacity":"","overlay-gradient":""}},"ast-content-background-meta":{"desktop":{"background-color":"var(--ast-global-color-5)","background-image":"","background-repeat":"repeat","background-position":"center center","background-size":"auto","background-attachment":"scroll","background-type":"","background-media":"","overlay-type":"","overlay-color":"","overlay-opacity":"","overlay-gradient":""},"tablet":{"background-color":"var(--ast-global-color-5)","background-image":"","background-repeat":"repeat","background-position":"center center","background-size":"auto","background-attachment":"scroll","background-type":"","background-media":"","overlay-type":"","overlay-color":"","overlay-opacity":"","overlay-gradient":""},"mobile":{"background-color":"var(--ast-global-color-5)","background-image":"","background-repeat":"repeat","background-position":"center center","background-size":"auto","background-attachment":"scroll","background-type":"","background-media":"","overlay-type":"","overlay-color":"","overlay-opacity":"","overlay-gradient":""}},"footnotes":""},"class_list":["post-18","page","type-page","status-publish","hentry"],"_links":{"self":[{"href":"https:\/\/www.contra-automotive.de\/fr\/wp-json\/wp\/v2\/pages\/18","targetHints":{"allow":["GET"]}}],"collection":[{"href":"https:\/\/www.contra-automotive.de\/fr\/wp-json\/wp\/v2\/pages"}],"about":[{"href":"https:\/\/www.contra-automotive.de\/fr\/wp-json\/wp\/v2\/types\/page"}],"author":[{"embeddable":true,"href":"https:\/\/www.contra-automotive.de\/fr\/wp-json\/wp\/v2\/users\/1"}],"replies":[{"embeddable":true,"href":"https:\/\/www.contra-automotive.de\/fr\/wp-json\/wp\/v2\/comments?post=18"}],"version-history":[{"count":35,"href":"https:\/\/www.contra-automotive.de\/fr\/wp-json\/wp\/v2\/pages\/18\/revisions"}],"predecessor-version":[{"id":674,"href":"https:\/\/www.contra-automotive.de\/fr\/wp-json\/wp\/v2\/pages\/18\/revisions\/674"}],"wp:attachment":[{"href":"https:\/\/www.contra-automotive.de\/fr\/wp-json\/wp\/v2\/media?parent=18"}],"curies":[{"name":"wp","href":"https:\/\/api.w.org\/{rel}","templated":true}]}}