{"id":16,"date":"2023-02-01T10:05:37","date_gmt":"2023-02-01T10:05:37","guid":{"rendered":"http:\/\/localhost\/ConTra\/?page_id=16"},"modified":"2023-03-13T14:29:09","modified_gmt":"2023-03-13T14:29:09","slug":"our-plus","status":"publish","type":"page","link":"https:\/\/www.contra-automotive.de\/fr\/our-plus\/","title":{"rendered":"Notre plus"},"content":{"rendered":"<section class=\"wpb-content-wrapper\"><p>[vc_row full_width=\u00a0\u00bbstretch_row_content_no_spaces\u00a0\u00bb el_class=\u00a0\u00bbhead-area\u00a0\u00bb][vc_column][vc_single_image image=\u00a0\u00bb653&Prime; img_size=\u00a0\u00bbfull\u00a0\u00bb el_class=\u00a0\u00bbdesk-only\u00a0\u00bb][vc_single_image image=\u00a0\u00bb654&Prime; img_size=\u00a0\u00bbfull\u00a0\u00bb el_class=\u00a0\u00bbres-only\u00a0\u00bb][\/vc_column][\/vc_row][vc_row el_class=\u00a0\u00bbmartopbot80&Prime;][vc_column][vc_column_text css=\u00a0\u00bb.vc_custom_1677673395056{margin-bottom: 0px !important;}\u00a0\u00bb]<\/p>\n<p style=\"text-align: center;\">Notre plus<\/p>\n<h1 style=\"text-align: center;\">Pourquoi ConTra Automotive ?<\/h1>\n<p>[\/vc_column_text][\/vc_column][\/vc_row][vc_row][vc_column width=\u00a0\u00bb1\/2&Prime;][vc_column_text el_class=\u00a0\u00bbtick why-txt-mar\u00a0\u00bb]<\/p>\n<ul>\n<li>Des marges commerciales sup\u00e9rieures \u00e0 la moyenne, compte tenu des recommandations de prix de vente comp\u00e9titifs.<\/li>\n<li>Soutien personnel exceptionnel de la part d&#8217;employ\u00e9s d\u00e9vou\u00e9s.<\/li>\n<li>Ax\u00e9e sur les solutions. Joignable par t\u00e9l\u00e9phone, email ou LiveChat.<\/li>\n<li>Aucune file d&rsquo;attente dans la hotline de service.<\/li>\n<li>Service client exceptionnel, en particulier avec les r\u00e9clamations de garantie ou l&rsquo;assistance technique.<\/li>\n<\/ul>\n<p>[\/vc_column_text][\/vc_column][vc_column width=\u00a0\u00bb1\/2&Prime;][vc_single_image image=\u00a0\u00bb221&Prime; img_size=\u00a0\u00bbfull\u00a0\u00bb][\/vc_column][\/vc_row][vc_row full_width=\u00a0\u00bbstretch_row\u00a0\u00bb css=\u00a0\u00bb.vc_custom_1675917389839{padding-top: 50px !important;padding-bottom: 50px !important;background-color: #f5f6f8 !important;}\u00a0\u00bb el_class=\u00a0\u00bbourplus-right-bg\u00a0\u00bb][vc_column width=\u00a0\u00bb1\/2&Prime; el_class=\u00a0\u00bbdesk-only\u00a0\u00bb][vc_single_image image=\u00a0\u00bb692&Prime; img_size=\u00a0\u00bbfull\u00a0\u00bb][\/vc_column][vc_column width=\u00a0\u00bb1\/2&Prime;][vc_column_text el_class=\u00a0\u00bbtick why-txt-mar\u00a0\u00bb]<\/p>\n<ul>\n<li>Grande comp\u00e9tence technique<\/li>\n<li>Assortiment extr\u00eamement profond! En stock<\/li>\n<li>Aussi \u00ab\u00a0le muguet \u00e0 carreaux\u00a0\u00bb comme Jaguar S-Type 2.7 D et Subaru Forester 2.0 D<\/li>\n<li>Qualit\u00e9 sup\u00e9rieure du march\u00e9 secondaire<\/li>\n<li>Taux de r\u00e9clamation &lt; 5%<\/li>\n<li>L&rsquo;autorisation g\u00e9n\u00e9rale d&rsquo;exploitation du v\u00e9hicule reste illimit\u00e9e m\u00eame apr\u00e8s son remplacement par des produits fournis par ConTra-Automotive<\/li>\n<\/ul>\n<p>[\/vc_column_text][vc_single_image image=\u00a0\u00bb223&Prime; img_size=\u00a0\u00bbfull\u00a0\u00bb el_class=\u00a0\u00bbres-only\u00a0\u00bb][\/vc_column][\/vc_row][vc_row css=\u00a0\u00bb.vc_custom_1675410167912{margin-top: 50px !important;margin-bottom: 50px !important;}\u00a0\u00bb][vc_column width=\u00a0\u00bb1\/2&Prime;][vc_column_text el_class=\u00a0\u00bbtick\u00a0\u00bb]<\/p>\n<ul>\n<li>Nous travaillons en \u00e9troite collaboration avec tous les principaux fabricants<\/li>\n<li>Entretenir des relations d&rsquo;affaires qui se sont d\u00e9velopp\u00e9es au fil des ans<\/li>\n<li>L&rsquo;achat et la s\u00e9lection de produits sont difficiles &#8211; nous savons comment le faire<\/li>\n<\/ul>\n<p>[\/vc_column_text][\/vc_column][vc_column width=\u00a0\u00bb1\/2&Prime;][vc_column_text el_class=\u00a0\u00bbtick\u00a0\u00bb]<\/p>\n<ul>\n<li>Nous effectuons toujours la pr\u00e9s\u00e9lection optimale des produits &#8211; \u00ab\u00a0Le meilleur de tous\u00a0\u00bb.<\/li>\n<li>Double contr\u00f4le qualit\u00e9 par reconditionnement des marchandises livr\u00e9es.<\/li>\n<\/ul>\n<p>[\/vc_column_text][\/vc_column][\/vc_row]<\/p>\n<\/section>","protected":false},"excerpt":{"rendered":"<p>[vc_row full_width=\u00a0\u00bbstretch_row_content_no_spaces\u00a0\u00bb el_class=\u00a0\u00bbhead-area\u00a0\u00bb][vc_column][vc_single_image image=\u00a0\u00bb653&Prime; img_size=\u00a0\u00bbfull\u00a0\u00bb el_class=\u00a0\u00bbdesk-only\u00a0\u00bb][vc_single_image image=\u00a0\u00bb654&Prime; img_size=\u00a0\u00bbfull\u00a0\u00bb el_class=\u00a0\u00bbres-only\u00a0\u00bb][\/vc_column][\/vc_row][vc_row el_class=\u00a0\u00bbmartopbot80&Prime;][vc_column][vc_column_text css=\u00a0\u00bb.vc_custom_1677673395056{margin-bottom: 0px !important;}\u00a0\u00bb] Notre plus Pourquoi ConTra Automotive ? [\/vc_column_text][\/vc_column][\/vc_row][vc_row][vc_column width=\u00a0\u00bb1\/2&Prime;][vc_column_text el_class=\u00a0\u00bbtick why-txt-mar\u00a0\u00bb] Des marges commerciales sup\u00e9rieures \u00e0 la moyenne, compte tenu des recommandations de prix de vente comp\u00e9titifs. Soutien personnel exceptionnel de la part d&#8217;employ\u00e9s d\u00e9vou\u00e9s. Ax\u00e9e sur les solutions. Joignable par t\u00e9l\u00e9phone, email [&hellip;]<\/p>\n","protected":false},"author":1,"featured_media":0,"parent":0,"menu_order":0,"comment_status":"closed","ping_status":"closed","template":"","meta":{"site-sidebar-layout":"no-sidebar","site-content-layout":"plain-container","ast-site-content-layout":"","site-content-style":"default","site-sidebar-style":"default","ast-global-header-display":"","ast-banner-title-visibility":"","ast-main-header-display":"","ast-hfb-above-header-display":"","ast-hfb-below-header-display":"","ast-hfb-mobile-header-display":"","site-post-title":"","ast-breadcrumbs-content":"","ast-featured-img":"disabled","footer-sml-layout":"","theme-transparent-header-meta":"default","adv-header-id-meta":"","stick-header-meta":"","header-above-stick-meta":"","header-main-stick-meta":"","header-below-stick-meta":"","astra-migrate-meta-layouts":"default","ast-page-background-enabled":"default","ast-page-background-meta":{"desktop":{"background-color":"var(--ast-global-color-4)","background-image":"","background-repeat":"repeat","background-position":"center center","background-size":"auto","background-attachment":"scroll","background-type":"","background-media":"","overlay-type":"","overlay-color":"","overlay-opacity":"","overlay-gradient":""},"tablet":{"background-color":"","background-image":"","background-repeat":"repeat","background-position":"center center","background-size":"auto","background-attachment":"scroll","background-type":"","background-media":"","overlay-type":"","overlay-color":"","overlay-opacity":"","overlay-gradient":""},"mobile":{"background-color":"","background-image":"","background-repeat":"repeat","background-position":"center center","background-size":"auto","background-attachment":"scroll","background-type":"","background-media":"","overlay-type":"","overlay-color":"","overlay-opacity":"","overlay-gradient":""}},"ast-content-background-meta":{"desktop":{"background-color":"var(--ast-global-color-5)","background-image":"","background-repeat":"repeat","background-position":"center center","background-size":"auto","background-attachment":"scroll","background-type":"","background-media":"","overlay-type":"","overlay-color":"","overlay-opacity":"","overlay-gradient":""},"tablet":{"background-color":"var(--ast-global-color-5)","background-image":"","background-repeat":"repeat","background-position":"center center","background-size":"auto","background-attachment":"scroll","background-type":"","background-media":"","overlay-type":"","overlay-color":"","overlay-opacity":"","overlay-gradient":""},"mobile":{"background-color":"var(--ast-global-color-5)","background-image":"","background-repeat":"repeat","background-position":"center center","background-size":"auto","background-attachment":"scroll","background-type":"","background-media":"","overlay-type":"","overlay-color":"","overlay-opacity":"","overlay-gradient":""}},"footnotes":""},"class_list":["post-16","page","type-page","status-publish","hentry"],"_links":{"self":[{"href":"https:\/\/www.contra-automotive.de\/fr\/wp-json\/wp\/v2\/pages\/16","targetHints":{"allow":["GET"]}}],"collection":[{"href":"https:\/\/www.contra-automotive.de\/fr\/wp-json\/wp\/v2\/pages"}],"about":[{"href":"https:\/\/www.contra-automotive.de\/fr\/wp-json\/wp\/v2\/types\/page"}],"author":[{"embeddable":true,"href":"https:\/\/www.contra-automotive.de\/fr\/wp-json\/wp\/v2\/users\/1"}],"replies":[{"embeddable":true,"href":"https:\/\/www.contra-automotive.de\/fr\/wp-json\/wp\/v2\/comments?post=16"}],"version-history":[{"count":44,"href":"https:\/\/www.contra-automotive.de\/fr\/wp-json\/wp\/v2\/pages\/16\/revisions"}],"predecessor-version":[{"id":697,"href":"https:\/\/www.contra-automotive.de\/fr\/wp-json\/wp\/v2\/pages\/16\/revisions\/697"}],"wp:attachment":[{"href":"https:\/\/www.contra-automotive.de\/fr\/wp-json\/wp\/v2\/media?parent=16"}],"curies":[{"name":"wp","href":"https:\/\/api.w.org\/{rel}","templated":true}]}}