{"id":12,"date":"2023-02-01T10:05:00","date_gmt":"2023-02-01T10:05:00","guid":{"rendered":"http:\/\/localhost\/ConTra\/?page_id=12"},"modified":"2023-03-13T14:27:27","modified_gmt":"2023-03-13T14:27:27","slug":"the-company","status":"publish","type":"page","link":"https:\/\/www.contra-automotive.de\/fr\/the-company\/","title":{"rendered":"L&rsquo;entreprise"},"content":{"rendered":"<section class=\"wpb-content-wrapper\"><p>[vc_row full_width=\u00a0\u00bbstretch_row_content_no_spaces\u00a0\u00bb el_class=\u00a0\u00bbhead-area\u00a0\u00bb][vc_column][vc_single_image image=\u00a0\u00bb151&Prime; img_size=\u00a0\u00bbfull\u00a0\u00bb alignment=\u00a0\u00bbcenter\u00a0\u00bb el_class=\u00a0\u00bbdesk-only\u00a0\u00bb][vc_single_image image=\u00a0\u00bb411&Prime; img_size=\u00a0\u00bbfull\u00a0\u00bb alignment=\u00a0\u00bbcenter\u00a0\u00bb el_class=\u00a0\u00bbres-only\u00a0\u00bb][\/vc_column][\/vc_row][vc_row][vc_column width=\u00a0\u00bb1\/2&Prime;][vc_single_image image=\u00a0\u00bb155&Prime; img_size=\u00a0\u00bbfull\u00a0\u00bb][\/vc_column][vc_column width=\u00a0\u00bb1\/2&Prime;][vc_column_text el_class=\u00a0\u00bbabt-top-mar\u00a0\u00bb]L&rsquo;entreprise<\/p>\n<h1 style=\"line-height: 75px;\">\u00c0 propos de ConTra<\/h1>\n<p>[\/vc_column_text][vc_column_text]Cr\u00e9ation d&rsquo;une start-up en juin 2016.\u00a0L&rsquo;une des plus larges gammes de commerce en ligne pour le secteur de la technologie d&rsquo;\u00e9chappement pour les convertisseurs catalytiques et les filtres \u00e0 particules diesel sur le march\u00e9 de la rechange.\u00a0En tant que sp\u00e9cialiste des voitures particuli\u00e8res et des v\u00e9hicules utilitaires l\u00e9gers, nous connaissons notre m\u00e9tier et servons nos clients avec un service professionnel.\u00a0Vente, administration et entrep\u00f4t \u00e0 Reinfeld, entre Hambourg et L\u00fcbeck.\u00a0Actuellement environ 800 m\u00b2 de surface de stockage.\u00a0Plus de 15 000 clients dans les secteurs B2C et B2B.\u00a0Entreprise de formation de l&rsquo;IHK L\u00fcbeck.[\/vc_column_text][\/vc_column][\/vc_row][vc_row][vc_column width=\u00a0\u00bb1\/2&Prime;][vc_single_image image=\u00a0\u00bb156&Prime; img_size=\u00a0\u00bbfull\u00a0\u00bb el_class=\u00a0\u00bbres-only\u00a0\u00bb][vc_column_text el_class=\u00a0\u00bbabt-top-mar\u00a0\u00bb]<strong class=\"bold-blue\">Hellmuth Schultz. Donn\u00e9es &amp; Achats.<br \/>\nAssoci\u00e9 g\u00e9rant :<\/strong><br \/>\n\u00ab\u00a0En tant que sp\u00e9cialiste de la c\u00f4te, ConTra-Automotive pour la technologie d&rsquo;\u00e9chappement est votre pierre fiable.\u00a0\u00bb<\/p>\n<p>&nbsp;<\/p>\n<p><strong class=\"bold-blue\">Daniel Balzer. Ventes et marketing, actionnaire :<\/strong><br \/>\n\u00ab\u00a0Nos comp\u00e9tences cl\u00e9s r\u00e9sident dans la cr\u00e9ation de donn\u00e9es de produits avec les exigences les plus \u00e9lev\u00e9es en mati\u00e8re d&rsquo;utilisation correcte, dans le marketing en ligne et la gestion des interfaces.\u00a0\u00bb[\/vc_column_text][vc_btn title=\u00a0\u00bbVoir la boutique en ligne\u00a0\u00bb style=\u00a0\u00bbcustom\u00a0\u00bb custom_background=\u00a0\u00bb#002c52&Prime; custom_text=\u00a0\u00bb#ffffff\u00a0\u00bb i_align=\u00a0\u00bbright\u00a0\u00bb i_icon_fontawesome=\u00a0\u00bbfas fa-arrow-right\u00a0\u00bb add_icon=\u00a0\u00bbtrue\u00a0\u00bb link=\u00a0\u00bburl:https%3A%2F%2Fwww.catalyseurs-fap24.fr%2F|target:_blank\u00a0\u00bb][\/vc_column][vc_column width=\u00a0\u00bb1\/2&Prime;][vc_single_image image=\u00a0\u00bb156&Prime; img_size=\u00a0\u00bbfull\u00a0\u00bb el_class=\u00a0\u00bbdesk-only\u00a0\u00bb][\/vc_column][\/vc_row][vc_row el_class=\u00a0\u00bbabt-info-bar\u00a0\u00bb][vc_column][vc_column_text]<\/p>\n<div class=\"abt-info\">\n<div class=\"lft-icon\"><img decoding=\"async\" src=\"https:\/\/www.contra-automotive.de\/wp-content\/uploads\/2023\/02\/noun-calendar-5472108.svg\" alt=\"\" \/><\/div>\n<div class=\"abt-info-txt\">\n<h2>15+<\/h2>\n<p>Ann\u00e9es d&rsquo;exp\u00e9rience<\/p>\n<\/div>\n<\/div>\n<div class=\"abt-info\">\n<div class=\"lft-icon\"><img decoding=\"async\" src=\"https:\/\/www.contra-automotive.de\/wp-content\/uploads\/2023\/02\/noun-users-1205396.svg\" alt=\"\" \/><\/div>\n<div class=\"abt-info-txt\">\n<h2>15,000+<\/h2>\n<p>Clients satisfaits<\/p>\n<\/div>\n<\/div>\n<div class=\"abt-info\">\n<div class=\"lft-icon\"><img decoding=\"async\" src=\"https:\/\/www.contra-automotive.de\/wp-content\/uploads\/2023\/02\/noun-products-2804222.svg\" alt=\"\" \/><\/div>\n<div class=\"abt-info-txt\">\n<h2>9,000+<\/h2>\n<p>Produits disponibles<\/p>\n<\/div>\n<\/div>\n<div class=\"abt-info\">\n<div class=\"lft-icon\"><img decoding=\"async\" src=\"https:\/\/www.contra-automotive.de\/wp-content\/uploads\/2023\/02\/noun-support-1288622.svg\" alt=\"\" \/><\/div>\n<div class=\"abt-info-txt\">\n<h2>HAUT<\/h2>\n<p>Service client<\/p>\n<\/div>\n<\/div>\n<p>[\/vc_column_text][\/vc_column][\/vc_row]<\/p>\n<\/section>","protected":false},"excerpt":{"rendered":"<p>[vc_row full_width=\u00a0\u00bbstretch_row_content_no_spaces\u00a0\u00bb el_class=\u00a0\u00bbhead-area\u00a0\u00bb][vc_column][vc_single_image image=\u00a0\u00bb151&Prime; img_size=\u00a0\u00bbfull\u00a0\u00bb alignment=\u00a0\u00bbcenter\u00a0\u00bb el_class=\u00a0\u00bbdesk-only\u00a0\u00bb][vc_single_image image=\u00a0\u00bb411&Prime; img_size=\u00a0\u00bbfull\u00a0\u00bb alignment=\u00a0\u00bbcenter\u00a0\u00bb el_class=\u00a0\u00bbres-only\u00a0\u00bb][\/vc_column][\/vc_row][vc_row][vc_column width=\u00a0\u00bb1\/2&Prime;][vc_single_image image=\u00a0\u00bb155&Prime; img_size=\u00a0\u00bbfull\u00a0\u00bb][\/vc_column][vc_column width=\u00a0\u00bb1\/2&Prime;][vc_column_text el_class=\u00a0\u00bbabt-top-mar\u00a0\u00bb]L&rsquo;entreprise \u00c0 propos de ConTra [\/vc_column_text][vc_column_text]Cr\u00e9ation d&rsquo;une start-up en juin 2016.\u00a0L&rsquo;une des plus larges gammes de commerce en ligne pour le secteur de la technologie d&rsquo;\u00e9chappement pour les convertisseurs catalytiques et les filtres \u00e0 particules diesel sur le march\u00e9 de [&hellip;]<\/p>\n","protected":false},"author":1,"featured_media":0,"parent":0,"menu_order":0,"comment_status":"closed","ping_status":"closed","template":"","meta":{"site-sidebar-layout":"no-sidebar","site-content-layout":"plain-container","ast-site-content-layout":"","site-content-style":"default","site-sidebar-style":"default","ast-global-header-display":"","ast-banner-title-visibility":"","ast-main-header-display":"","ast-hfb-above-header-display":"","ast-hfb-below-header-display":"","ast-hfb-mobile-header-display":"","site-post-title":"","ast-breadcrumbs-content":"","ast-featured-img":"disabled","footer-sml-layout":"","theme-transparent-header-meta":"default","adv-header-id-meta":"","stick-header-meta":"","header-above-stick-meta":"","header-main-stick-meta":"","header-below-stick-meta":"","astra-migrate-meta-layouts":"default","ast-page-background-enabled":"default","ast-page-background-meta":{"desktop":{"background-color":"var(--ast-global-color-4)","background-image":"","background-repeat":"repeat","background-position":"center center","background-size":"auto","background-attachment":"scroll","background-type":"","background-media":"","overlay-type":"","overlay-color":"","overlay-opacity":"","overlay-gradient":""},"tablet":{"background-color":"","background-image":"","background-repeat":"repeat","background-position":"center center","background-size":"auto","background-attachment":"scroll","background-type":"","background-media":"","overlay-type":"","overlay-color":"","overlay-opacity":"","overlay-gradient":""},"mobile":{"background-color":"","background-image":"","background-repeat":"repeat","background-position":"center center","background-size":"auto","background-attachment":"scroll","background-type":"","background-media":"","overlay-type":"","overlay-color":"","overlay-opacity":"","overlay-gradient":""}},"ast-content-background-meta":{"desktop":{"background-color":"var(--ast-global-color-5)","background-image":"","background-repeat":"repeat","background-position":"center center","background-size":"auto","background-attachment":"scroll","background-type":"","background-media":"","overlay-type":"","overlay-color":"","overlay-opacity":"","overlay-gradient":""},"tablet":{"background-color":"var(--ast-global-color-5)","background-image":"","background-repeat":"repeat","background-position":"center center","background-size":"auto","background-attachment":"scroll","background-type":"","background-media":"","overlay-type":"","overlay-color":"","overlay-opacity":"","overlay-gradient":""},"mobile":{"background-color":"var(--ast-global-color-5)","background-image":"","background-repeat":"repeat","background-position":"center center","background-size":"auto","background-attachment":"scroll","background-type":"","background-media":"","overlay-type":"","overlay-color":"","overlay-opacity":"","overlay-gradient":""}},"footnotes":""},"class_list":["post-12","page","type-page","status-publish","hentry"],"_links":{"self":[{"href":"https:\/\/www.contra-automotive.de\/fr\/wp-json\/wp\/v2\/pages\/12","targetHints":{"allow":["GET"]}}],"collection":[{"href":"https:\/\/www.contra-automotive.de\/fr\/wp-json\/wp\/v2\/pages"}],"about":[{"href":"https:\/\/www.contra-automotive.de\/fr\/wp-json\/wp\/v2\/types\/page"}],"author":[{"embeddable":true,"href":"https:\/\/www.contra-automotive.de\/fr\/wp-json\/wp\/v2\/users\/1"}],"replies":[{"embeddable":true,"href":"https:\/\/www.contra-automotive.de\/fr\/wp-json\/wp\/v2\/comments?post=12"}],"version-history":[{"count":39,"href":"https:\/\/www.contra-automotive.de\/fr\/wp-json\/wp\/v2\/pages\/12\/revisions"}],"predecessor-version":[{"id":694,"href":"https:\/\/www.contra-automotive.de\/fr\/wp-json\/wp\/v2\/pages\/12\/revisions\/694"}],"wp:attachment":[{"href":"https:\/\/www.contra-automotive.de\/fr\/wp-json\/wp\/v2\/media?parent=12"}],"curies":[{"name":"wp","href":"https:\/\/api.w.org\/{rel}","templated":true}]}}