{"id":9,"date":"2023-02-01T10:04:44","date_gmt":"2023-02-01T10:04:44","guid":{"rendered":"http:\/\/localhost\/ConTra\/?page_id=9"},"modified":"2023-03-07T20:54:43","modified_gmt":"2023-03-07T20:54:43","slug":"home","status":"publish","type":"page","link":"https:\/\/www.contra-automotive.de\/de\/","title":{"rendered":"Startseite"},"content":{"rendered":"<section class=\"wpb-content-wrapper\"><p>[vc_row full_width=&#8220;stretch_row_content&#8220; el_class=&#8220;top-video desk-only&#8220; css=&#8220;.vc_custom_1675495207720{margin-bottom: 60px !important;}&#8220;][vc_column css=&#8220;.vc_custom_1675320301480{padding-right: 0px !important;padding-left: 0px !important;}&#8220;][vc_column_text css=&#8220;.vc_custom_1678180600593{margin-bottom: 0px !important;}&#8220;]<\/p>\n<div class=\"video-cont\">\n<p>Willkommen bei der<\/p>\n<h1>ConTra-Automotive GmbH<\/h1>\n<h2>Fachgrosshandel f\u00fcr Abgastechnik<\/h2>\n<\/div>\n<div class=\"video-overlay\"><\/div>\n<p><img decoding=\"async\" id=\"sliderimg\" src=\"https:\/\/www.contra-automotive.de\/wp-content\/uploads\/2023\/02\/Main-Slider.jpg\" \/>[\/vc_column_text][\/vc_column][\/vc_row][vc_row full_width=&#8220;stretch_row_content_no_spaces&#8220; el_class=&#8220;res-only&#8220;][vc_column el_class=&#8220;mhome-img&#8220;][vc_single_image image=&#8220;399&#8243; img_size=&#8220;full&#8220; css=&#8220;.vc_custom_1675496460644{margin-bottom: 0px !important;}&#8220;][vc_column_text el_class=&#8220;mobile-home-slide-txt&#8220;]Willkommen bei der<\/p>\n<h1>ConTra-Automotive GmbH<\/h1>\n<h2>Fachgrosshandel f\u00fcr Abgastechnik<\/h2>\n<p>[\/vc_column_text][vc_video link=&#8220;https:\/\/www.youtube.com\/watch?v=5tbj9izksrk&#8220; align=&#8220;center&#8220; el_class=&#8220;mbl-video&#8220;][\/vc_column][\/vc_row][vc_row el_class=&#8220;martopbot80&#8243;][vc_column width=&#8220;1\/2&#8243;][vc_video link=&#8220;https:\/\/www.youtube.com\/watch?v=5tbj9izksrk&#8220; align=&#8220;center&#8220; el_class=&#8220;desk-only&#8220;][\/vc_column][vc_column width=&#8220;1\/2&#8243;][vc_column_text css=&#8220;.vc_custom_1678222475990{margin-bottom: 20px !important;}&#8220;]Das Unternehmen<\/p>\n<h1 style=\"font-size: 48px;\">\u00dcber ConTra<\/h1>\n<p>[\/vc_column_text][vc_column_text]Als Start-up im Juni 2016 gegr\u00fcndet. Einer der f\u00fchrenden Abgastechnik-Spezialisten im Onlinehandel f\u00fcr Pkw und leichte Nutzfahrzeuge. Vertrieb, Verwaltung und Lager in Reinfeld, zwischen Hamburg und L\u00fcbeck. Aktuell ca. 800 m\u00b2 Lagerfl\u00e4che. Betreibt internationale Webshops.[\/vc_column_text][vc_btn title=&#8220;Online-Shop ansehen&#8220; style=&#8220;custom&#8220; custom_background=&#8220;#002c52&#8243; custom_text=&#8220;#ffffff&#8220; i_align=&#8220;right&#8220; i_icon_fontawesome=&#8220;fas fa-arrow-right&#8220; add_icon=&#8220;true&#8220; link=&#8220;url:https%3A%2F%2Fwww.abgastechnik-autoteile.de%2F|target:_blank&#8220;][vc_btn title=&#8220;Weiterlesen&#8220; style=&#8220;custom&#8220; custom_background=&#8220;#ffffff&#8220; custom_text=&#8220;#212121&#8243; i_align=&#8220;right&#8220; i_icon_fontawesome=&#8220;fas fa-arrow-right&#8220; add_icon=&#8220;true&#8220; link=&#8220;url:https%3A%2F%2Fwww.contra-automotive.de%2Fthe-company%2F|title:The%20Company&#8220; el_class=&#8220;dotted-btn&#8220;][\/vc_column][\/vc_row][vc_row css=&#8220;.vc_custom_1675324031089{margin-top: 80px !important;}&#8220;][vc_column css=&#8220;.vc_custom_1677142236395{margin-bottom: 60px !important;}&#8220;][vc_column_text css=&#8220;.vc_custom_1677142196761{margin-bottom: 10px !important;}&#8220;]<\/p>\n<h1 style=\"text-align: center; font-size: 48px; margin-bottom: 0px;\">Katalysatoren &#8211; Dieselpartikelfilter &#8211; Sensorik<\/h1>\n<p style=\"text-align: center;\">Eines der breitesten Sortimente in unserem Fachbereich verf\u00fcgbar f\u00fcr unsere Kunden<\/p>\n<p>[\/vc_column_text][vc_separator color=&#8220;custom&#8220; border_width=&#8220;4&#8243; el_width=&#8220;10&#8243; accent_color=&#8220;#002c52&#8243; el_class=&#8220;line-wdth&#8220; css=&#8220;.vc_custom_1675347619466{margin-bottom: 0px !important;}&#8220;][\/vc_column][\/vc_row][vc_row full_width=&#8220;stretch_row_content&#8220;][vc_column width=&#8220;1\/2&#8243; css=&#8220;.vc_custom_1675346815255{padding-right: 0px !important;padding-left: 0px !important;background-image: url(https:\/\/www.contra-automotive.de\/wp-content\/uploads\/2023\/02\/Catalytic-Converters.jpg?id=138) !important;}&#8220; el_class=&#8220;home-cat-col&#8220;][vc_column_text el_class=&#8220;home-cat-txt&#8220; css=&#8220;.vc_custom_1677038991885{margin-bottom: 0px !important;}&#8220;]<\/p>\n<div class=\"hcatnum\">01<\/div>\n<div class=\"hcattxt\">\n<p>Dieselpartikelfilter<\/p>\n<p><a href=\"https:\/\/www.contra-automotive.de\/product-range\/#DieselParticulateFilters\">Mehr Informationen<\/a><\/p>\n<\/div>\n<p>[\/vc_column_text][\/vc_column][vc_column width=&#8220;1\/2&#8243; css=&#8220;.vc_custom_1675346825815{padding-right: 0px !important;padding-left: 0px !important;background-image: url(https:\/\/www.contra-automotive.de\/wp-content\/uploads\/2023\/02\/Diesel-Particulate-Filters.jpg?id=147) !important;}&#8220; el_class=&#8220;home-cat-col&#8220;][vc_column_text el_class=&#8220;home-cat-txt&#8220; css=&#8220;.vc_custom_1677038862549{margin-bottom: 0px !important;}&#8220;]<\/p>\n<div class=\"hcatnum\">02<\/div>\n<div class=\"hcattxt\">\n<p>Katalysatoren<\/p>\n<p><a href=\"https:\/\/www.contra-automotive.de\/product-range\/#CatalyticConverters\">Mehr Informationen<\/a><\/p>\n<\/div>\n<p>[\/vc_column_text][\/vc_column][vc_column width=&#8220;1\/2&#8243; css=&#8220;.vc_custom_1675346841487{padding-right: 0px !important;padding-left: 0px !important;background-image: url(https:\/\/www.contra-automotive.de\/wp-content\/uploads\/2023\/02\/Pressure-sensors.jpg?id=141) !important;}&#8220; el_class=&#8220;home-cat-col&#8220;][vc_column_text el_class=&#8220;home-cat-txt&#8220; css=&#8220;.vc_custom_1677038871325{margin-bottom: 0px !important;}&#8220;]<\/p>\n<div class=\"hcatnum\">03<\/div>\n<div class=\"hcattxt\">\n<p>Drucksensor<\/p>\n<p><a href=\"https:\/\/www.contra-automotive.de\/product-range\/#PressureSensors\">Mehr Informationen<\/a><\/p>\n<\/div>\n<p>[\/vc_column_text][\/vc_column][vc_column width=&#8220;1\/2&#8243; css=&#8220;.vc_custom_1675346833315{padding-right: 0px !important;padding-left: 0px !important;background-image: url(https:\/\/www.contra-automotive.de\/wp-content\/uploads\/2023\/02\/Exhaust-temperature-sensors.jpg?id=140) !important;}&#8220; el_class=&#8220;home-cat-col&#8220;][vc_column_text el_class=&#8220;home-cat-txt&#8220; css=&#8220;.vc_custom_1677038884459{margin-bottom: 0px !important;}&#8220;]<\/p>\n<div class=\"hcatnum\">04<\/div>\n<div class=\"hcattxt\">\n<p>Abgastemperatursensoren<\/p>\n<p><a href=\"https:\/\/www.contra-automotive.de\/product-range\/#ExhaustTemperatureSensors\">Mehr Informationen<\/a><\/p>\n<\/div>\n<p>[\/vc_column_text][\/vc_column][\/vc_row][vc_row full_width=&#8220;stretch_row&#8220; el_class=&#8220;home-cart&#8220;][vc_column][vc_column_text css=&#8220;.vc_custom_1677064178804{margin-bottom: 10px !important;}&#8220;]<\/p>\n<h2 style=\"text-align: center;\"><span style=\"font-weight: 200 !important;\"><img decoding=\"async\" class=\"alignnone size-full wp-image-129\" style=\"max-width: 60px;\" src=\"https:\/\/www.contra-automotive.de\/wp-content\/uploads\/2023\/02\/cart-check.svg\" alt=\"\" \/><\/span><\/h2>\n<h2 style=\"text-align: center;\">Ihr Spezialist f\u00fcr DPF &amp; KAT &amp; Sensorik<\/h2>\n<p>[\/vc_column_text][vc_column_text]<\/p>\n<p style=\"text-align: center;\">Besuchen Sie unseren Online-Shop.<\/p>\n<p>[\/vc_column_text][vc_btn title=&#8220;Online-Shop ansehen&#8220; style=&#8220;custom&#8220; custom_background=&#8220;#0470ce&#8220; custom_text=&#8220;#ffffff&#8220; align=&#8220;center&#8220; i_align=&#8220;right&#8220; i_icon_fontawesome=&#8220;fas fa-arrow-right&#8220; add_icon=&#8220;true&#8220; link=&#8220;url:https%3A%2F%2Fwww.abgastechnik-autoteile.de%2F|target:_blank&#8220;][\/vc_column][\/vc_row][vc_row el_class=&#8220;map-area&#8220;][vc_column width=&#8220;7\/12&#8243; css=&#8220;.vc_custom_1675351531696{padding-top: 0px !important;padding-right: 0px !important;padding-bottom: 0px !important;padding-left: 0px !important;}&#8220;][vc_gmaps link=&#8220;#E-8_JTNDaWZyYW1lJTIwc3JjJTNEJTIyaHR0cHMlM0ElMkYlMkZ3d3cuZ29vZ2xlLmNvbSUyRm1hcHMlMkZlbWJlZCUzRnBiJTNEJTIxMW0xNCUyMTFtOCUyMTFtMyUyMTFkMjM1NC42NzUwMzg4MDkzNDk2JTIxMmQxMC40OTAyNDUxJTIxM2Q1My44MzA4NTY3JTIxM20yJTIxMWkxMDI0JTIxMmk3NjglMjE0ZjEzLjElMjEzbTMlMjExbTIlMjExczB4MCUyNTNBMHg2YThiYWQxZGE1MmI4YmI0JTIxMnNDb25UcmEtQXV0b21vdGl2ZSUyNTIwR21iSCUyMTVlMCUyMTNtMiUyMTFzZW4lMjEycyUyMTR2MTY3NTc0NzI5MDg5OCUyMTVtMiUyMTFzZW4lMjEycyUyMiUyMGhlaWdodCUzRCUyMjUwMCUyMiUyMHN0eWxlJTNEJTIyYm9yZGVyJTNBMCUzQiUyMiUyMGFsbG93ZnVsbHNjcmVlbiUzRCUyMiUyMiUyMGxvYWRpbmclM0QlMjJsYXp5JTIyJTIwcmVmZXJyZXJwb2xpY3klM0QlMjJuby1yZWZlcnJlci13aGVuLWRvd25ncmFkZSUyMiUzRSUzQyUyRmlmcmFtZSUzRQ==&#8220; css=&#8220;.vc_custom_1675747372328{margin-bottom: 0px !important;}&#8220;][\/vc_column][vc_column width=&#8220;5\/12&#8243; el_class=&#8220;home-contact&#8220;][vc_row_inner el_class=&#8220;martopbot80&#8243;][vc_column_inner css=&#8220;.vc_custom_1675350881796{padding-right: 0px !important;padding-left: 0px !important;}&#8220;][vc_icon icon_fontawesome=&#8220;fas fa-map-marker-alt&#8220; color=&#8220;custom&#8220; custom_color=&#8220;#0470ce&#8220; css=&#8220;.vc_custom_1675351505160{margin-bottom: 0px !important;}&#8220; el_class=&#8220;foot-cont-icon&#8220;][vc_column_text el_class=&#8220;foot-cont-txt&#8220; css=&#8220;.vc_custom_1677039214149{margin-bottom: 0px !important;}&#8220;]<strong>ConTra-Automotive GmbH<\/strong><br \/>\nBahnhofstra\u00dfe 18 A<br \/>\n23858 Reinfeld<br \/>\n[\/vc_column_text][\/vc_column_inner][vc_column_inner css=&#8220;.vc_custom_1675351310313{margin-top: 30px !important;padding-right: 0px !important;padding-left: 0px !important;}&#8220;][vc_icon icon_fontawesome=&#8220;fas fa-phone-alt&#8220; color=&#8220;custom&#8220; custom_color=&#8220;#0470ce&#8220; css=&#8220;.vc_custom_1675351486851{margin-bottom: 0px !important;}&#8220; el_class=&#8220;foot-cont-icon&#8220;][vc_column_text el_class=&#8220;foot-cont-txt&#8220; css=&#8220;.vc_custom_1675405289282{margin-bottom: 0px !important;}&#8220;]<a href=\"tel:+49 4533 79900-0\">Tel. +49 4533 79900-0<\/a>[\/vc_column_text][vc_icon icon_fontawesome=&#8220;fas fa-envelope&#8220; color=&#8220;custom&#8220; custom_color=&#8220;#0470ce&#8220; css=&#8220;.vc_custom_1675351495482{margin-bottom: 0px !important;}&#8220; el_class=&#8220;foot-cont-icon&#8220;][vc_column_text el_class=&#8220;foot-cont-txt&#8220;]<a href=\"mailto:info@contra-automotive.de\">info@contra-automotive.de<\/a>[\/vc_column_text][\/vc_column_inner][\/vc_row_inner][\/vc_column][\/vc_row]<\/p>\n<\/section>","protected":false},"excerpt":{"rendered":"<p>[vc_row full_width=&#8220;stretch_row_content&#8220; el_class=&#8220;top-video desk-only&#8220; css=&#8220;.vc_custom_1675495207720{margin-bottom: 60px !important;}&#8220;][vc_column css=&#8220;.vc_custom_1675320301480{padding-right: 0px !important;padding-left: 0px !important;}&#8220;][vc_column_text css=&#8220;.vc_custom_1678180600593{margin-bottom: 0px !important;}&#8220;] Willkommen bei der ConTra-Automotive GmbH Fachgrosshandel f\u00fcr Abgastechnik [\/vc_column_text][\/vc_column][\/vc_row][vc_row full_width=&#8220;stretch_row_content_no_spaces&#8220; el_class=&#8220;res-only&#8220;][vc_column el_class=&#8220;mhome-img&#8220;][vc_single_image image=&#8220;399&#8243; img_size=&#8220;full&#8220; css=&#8220;.vc_custom_1675496460644{margin-bottom: 0px !important;}&#8220;][vc_column_text el_class=&#8220;mobile-home-slide-txt&#8220;]Willkommen bei der ConTra-Automotive GmbH Fachgrosshandel f\u00fcr Abgastechnik [\/vc_column_text][vc_video link=&#8220;https:\/\/www.youtube.com\/watch?v=5tbj9izksrk&#8220; align=&#8220;center&#8220; el_class=&#8220;mbl-video&#8220;][\/vc_column][\/vc_row][vc_row el_class=&#8220;martopbot80&#8243;][vc_column width=&#8220;1\/2&#8243;][vc_video link=&#8220;https:\/\/www.youtube.com\/watch?v=5tbj9izksrk&#8220; align=&#8220;center&#8220; el_class=&#8220;desk-only&#8220;][\/vc_column][vc_column width=&#8220;1\/2&#8243;][vc_column_text css=&#8220;.vc_custom_1678222475990{margin-bottom: 20px !important;}&#8220;]Das Unternehmen \u00dcber [&hellip;]<\/p>\n","protected":false},"author":1,"featured_media":0,"parent":0,"menu_order":0,"comment_status":"closed","ping_status":"closed","template":"","meta":{"site-sidebar-layout":"no-sidebar","site-content-layout":"plain-container","ast-site-content-layout":"","site-content-style":"default","site-sidebar-style":"default","ast-global-header-display":"","ast-banner-title-visibility":"","ast-main-header-display":"","ast-hfb-above-header-display":"","ast-hfb-below-header-display":"","ast-hfb-mobile-header-display":"","site-post-title":"disabled","ast-breadcrumbs-content":"","ast-featured-img":"disabled","footer-sml-layout":"","theme-transparent-header-meta":"default","adv-header-id-meta":"","stick-header-meta":"","header-above-stick-meta":"","header-main-stick-meta":"","header-below-stick-meta":"","astra-migrate-meta-layouts":"default","ast-page-background-enabled":"default","ast-page-background-meta":{"desktop":{"background-color":"var(--ast-global-color-4)","background-image":"","background-repeat":"repeat","background-position":"center center","background-size":"auto","background-attachment":"scroll","background-type":"","background-media":"","overlay-type":"","overlay-color":"","overlay-opacity":"","overlay-gradient":""},"tablet":{"background-color":"","background-image":"","background-repeat":"repeat","background-position":"center center","background-size":"auto","background-attachment":"scroll","background-type":"","background-media":"","overlay-type":"","overlay-color":"","overlay-opacity":"","overlay-gradient":""},"mobile":{"background-color":"","background-image":"","background-repeat":"repeat","background-position":"center center","background-size":"auto","background-attachment":"scroll","background-type":"","background-media":"","overlay-type":"","overlay-color":"","overlay-opacity":"","overlay-gradient":""}},"ast-content-background-meta":{"desktop":{"background-color":"var(--ast-global-color-5)","background-image":"","background-repeat":"repeat","background-position":"center center","background-size":"auto","background-attachment":"scroll","background-type":"","background-media":"","overlay-type":"","overlay-color":"","overlay-opacity":"","overlay-gradient":""},"tablet":{"background-color":"var(--ast-global-color-5)","background-image":"","background-repeat":"repeat","background-position":"center center","background-size":"auto","background-attachment":"scroll","background-type":"","background-media":"","overlay-type":"","overlay-color":"","overlay-opacity":"","overlay-gradient":""},"mobile":{"background-color":"var(--ast-global-color-5)","background-image":"","background-repeat":"repeat","background-position":"center center","background-size":"auto","background-attachment":"scroll","background-type":"","background-media":"","overlay-type":"","overlay-color":"","overlay-opacity":"","overlay-gradient":""}},"footnotes":""},"class_list":["post-9","page","type-page","status-publish","hentry"],"_links":{"self":[{"href":"https:\/\/www.contra-automotive.de\/de\/wp-json\/wp\/v2\/pages\/9","targetHints":{"allow":["GET"]}}],"collection":[{"href":"https:\/\/www.contra-automotive.de\/de\/wp-json\/wp\/v2\/pages"}],"about":[{"href":"https:\/\/www.contra-automotive.de\/de\/wp-json\/wp\/v2\/types\/page"}],"author":[{"embeddable":true,"href":"https:\/\/www.contra-automotive.de\/de\/wp-json\/wp\/v2\/users\/1"}],"replies":[{"embeddable":true,"href":"https:\/\/www.contra-automotive.de\/de\/wp-json\/wp\/v2\/comments?post=9"}],"version-history":[{"count":182,"href":"https:\/\/www.contra-automotive.de\/de\/wp-json\/wp\/v2\/pages\/9\/revisions"}],"predecessor-version":[{"id":689,"href":"https:\/\/www.contra-automotive.de\/de\/wp-json\/wp\/v2\/pages\/9\/revisions\/689"}],"wp:attachment":[{"href":"https:\/\/www.contra-automotive.de\/de\/wp-json\/wp\/v2\/media?parent=9"}],"curies":[{"name":"wp","href":"https:\/\/api.w.org\/{rel}","templated":true}]}}