{"id":76,"date":"2023-02-01T14:21:40","date_gmt":"2023-02-01T14:21:40","guid":{"rendered":"http:\/\/localhost\/ConTra\/?page_id=76"},"modified":"2023-02-21T11:01:15","modified_gmt":"2023-02-21T11:01:15","slug":"imprint","status":"publish","type":"page","link":"https:\/\/www.contra-automotive.de\/de\/imprint\/","title":{"rendered":"Impressum"},"content":{"rendered":"<section class=\"wpb-content-wrapper\"><p><\/p>\n<p>[vc_row full_width=&#8220;stretch_row_content_no_spaces&#8220;][vc_column][vc_single_image image=&#8220;447&#8243; img_size=&#8220;full&#8220; el_class=&#8220;desk-only&#8220;][vc_single_image image=&#8220;448&#8243; img_size=&#8220;full&#8220; el_class=&#8220;res-only mhome-img&#8220;][\/vc_column][\/vc_row][vc_row el_class=&#8220;max-wdth820&#8243;][vc_column][vc_column_text]<strong>ConTra-Automotive GmbH<\/strong><br \/>\nBahnhofstra\u00dfe 18 A<br \/>\n23858 Reinfeld<br \/>\nDeutschland<\/p>\n<p>&nbsp;<\/p>\n<p><strong>Tel.:<\/strong> <a style=\"color: #212121;\" href=\"tel:+49 (0) 4533 799000\">+49 (0) 4533 799000<\/a><br \/>\n<strong>E-Mail:<\/strong> <a style=\"color: #212121;\" href=\"mailto:info@contra-automotive.de\">info@contra-automotive.de<\/a><\/p>\n<p>&nbsp;<\/p>\n<p>Registergericht: Amtsgericht L\u00fcbeck<br \/>\nRegisternummer: HRB 15923<\/p>\n<p>HL-Gesch\u00e4ftsf\u00fchrer: Hellmuth Schultz<\/p>\n<p>Umsatzsteuer-Identifikationsnummer gem\u00e4\u00df \u00a7 27 a Umsatzsteuergesetz: DE306928193 \/ FR82884497983<\/p>\n<p>LUCID-ID: DE5863254671226<\/p>\n<p>Plattform der EU-Kommission zur Online-Streitbeilegung: <a href=\"http:\/\/www.ec.europa.eu\/consumers\/odr\" target=\"_blank\" rel=\"noopener\">www.ec.europa.eu\/consumers\/odr<\/a><\/p>\n<p>Zur Teilnahme an Streitbeilegungsverfahren vor einer Verbraucherschlichtungsstelle sind wir weder verpflichtet noch bereit.<\/p>\n<div class=\"mobile-cent\"><img decoding=\"async\" src=\"https:\/\/www.it-recht-kanzlei.de\/gfx\/Logos\/logo-fairness-160.png\" \/><br \/>\n<a href=\"http:\/\/www.fairness-im-handel.de\/\" target=\"_blank\" rel=\"noopener\">fairness-im-handel.de<\/a><\/div>\n<p>[\/vc_column_text][\/vc_column][\/vc_row]<\/p>\n<p><\/p>\n<\/section>","protected":false},"excerpt":{"rendered":"<p>[vc_row full_width=&#8220;stretch_row_content_no_spaces&#8220;][vc_column][vc_single_image image=&#8220;447&#8243; img_size=&#8220;full&#8220; el_class=&#8220;desk-only&#8220;][vc_single_image image=&#8220;448&#8243; img_size=&#8220;full&#8220; el_class=&#8220;res-only mhome-img&#8220;][\/vc_column][\/vc_row][vc_row el_class=&#8220;max-wdth820&#8243;][vc_column][vc_column_text]ConTra-Automotive GmbH Bahnhofstra\u00dfe 18 A 23858 Reinfeld Deutschland &nbsp; Tel.: +49 (0) 4533 799000 E-Mail: info@contra-automotive.de &nbsp; Registergericht: Amtsgericht L\u00fcbeck Registernummer: HRB 15923 HL-Gesch\u00e4ftsf\u00fchrer: Hellmuth Schultz Umsatzsteuer-Identifikationsnummer gem\u00e4\u00df \u00a7 27 a Umsatzsteuergesetz: DE306928193 \/ FR82884497983 LUCID-ID: DE5863254671226 Plattform der EU-Kommission zur Online-Streitbeilegung: www.ec.europa.eu\/consumers\/odr Zur Teilnahme an [&hellip;]<\/p>\n","protected":false},"author":1,"featured_media":0,"parent":0,"menu_order":0,"comment_status":"closed","ping_status":"closed","template":"","meta":{"site-sidebar-layout":"no-sidebar","site-content-layout":"plain-container","ast-site-content-layout":"","site-content-style":"default","site-sidebar-style":"default","ast-global-header-display":"","ast-banner-title-visibility":"","ast-main-header-display":"","ast-hfb-above-header-display":"","ast-hfb-below-header-display":"","ast-hfb-mobile-header-display":"","site-post-title":"","ast-breadcrumbs-content":"","ast-featured-img":"disabled","footer-sml-layout":"","theme-transparent-header-meta":"default","adv-header-id-meta":"","stick-header-meta":"","header-above-stick-meta":"","header-main-stick-meta":"","header-below-stick-meta":"","astra-migrate-meta-layouts":"default","ast-page-background-enabled":"default","ast-page-background-meta":{"desktop":{"background-color":"var(--ast-global-color-4)","background-image":"","background-repeat":"repeat","background-position":"center center","background-size":"auto","background-attachment":"scroll","background-type":"","background-media":"","overlay-type":"","overlay-color":"","overlay-opacity":"","overlay-gradient":""},"tablet":{"background-color":"","background-image":"","background-repeat":"repeat","background-position":"center center","background-size":"auto","background-attachment":"scroll","background-type":"","background-media":"","overlay-type":"","overlay-color":"","overlay-opacity":"","overlay-gradient":""},"mobile":{"background-color":"","background-image":"","background-repeat":"repeat","background-position":"center center","background-size":"auto","background-attachment":"scroll","background-type":"","background-media":"","overlay-type":"","overlay-color":"","overlay-opacity":"","overlay-gradient":""}},"ast-content-background-meta":{"desktop":{"background-color":"var(--ast-global-color-5)","background-image":"","background-repeat":"repeat","background-position":"center center","background-size":"auto","background-attachment":"scroll","background-type":"","background-media":"","overlay-type":"","overlay-color":"","overlay-opacity":"","overlay-gradient":""},"tablet":{"background-color":"var(--ast-global-color-5)","background-image":"","background-repeat":"repeat","background-position":"center center","background-size":"auto","background-attachment":"scroll","background-type":"","background-media":"","overlay-type":"","overlay-color":"","overlay-opacity":"","overlay-gradient":""},"mobile":{"background-color":"var(--ast-global-color-5)","background-image":"","background-repeat":"repeat","background-position":"center center","background-size":"auto","background-attachment":"scroll","background-type":"","background-media":"","overlay-type":"","overlay-color":"","overlay-opacity":"","overlay-gradient":""}},"footnotes":""},"class_list":["post-76","page","type-page","status-publish","hentry"],"_links":{"self":[{"href":"https:\/\/www.contra-automotive.de\/de\/wp-json\/wp\/v2\/pages\/76","targetHints":{"allow":["GET"]}}],"collection":[{"href":"https:\/\/www.contra-automotive.de\/de\/wp-json\/wp\/v2\/pages"}],"about":[{"href":"https:\/\/www.contra-automotive.de\/de\/wp-json\/wp\/v2\/types\/page"}],"author":[{"embeddable":true,"href":"https:\/\/www.contra-automotive.de\/de\/wp-json\/wp\/v2\/users\/1"}],"replies":[{"embeddable":true,"href":"https:\/\/www.contra-automotive.de\/de\/wp-json\/wp\/v2\/comments?post=76"}],"version-history":[{"count":19,"href":"https:\/\/www.contra-automotive.de\/de\/wp-json\/wp\/v2\/pages\/76\/revisions"}],"predecessor-version":[{"id":599,"href":"https:\/\/www.contra-automotive.de\/de\/wp-json\/wp\/v2\/pages\/76\/revisions\/599"}],"wp:attachment":[{"href":"https:\/\/www.contra-automotive.de\/de\/wp-json\/wp\/v2\/media?parent=76"}],"curies":[{"name":"wp","href":"https:\/\/api.w.org\/{rel}","templated":true}]}}