{"id":20,"date":"2023-02-01T10:06:38","date_gmt":"2023-02-01T10:06:38","guid":{"rendered":"http:\/\/localhost\/ConTra\/?page_id=20"},"modified":"2023-03-01T14:38:50","modified_gmt":"2023-03-01T14:38:50","slug":"product-range","status":"publish","type":"page","link":"https:\/\/www.contra-automotive.de\/de\/product-range\/","title":{"rendered":"Das Sortiment"},"content":{"rendered":"<section class=\"wpb-content-wrapper\"><p>[vc_row full_width=&#8220;stretch_row_content_no_spaces&#8220; el_class=&#8220;head-area&#8220;][vc_column el_class=&#8220;product-range-top&#8220;][vc_single_image image=&#8220;165&#8243; img_size=&#8220;full&#8220; el_class=&#8220;desk-only&#8220;][vc_single_image image=&#8220;436&#8243; img_size=&#8220;full&#8220; el_class=&#8220;res-only&#8220;][\/vc_column][\/vc_row][vc_row css=&#8220;.vc_custom_1675426933355{margin-top: 60px !important;}&#8220;][vc_column][vc_column_text]<\/p>\n<h2 style=\"text-align: center;\"><span style=\"font-weight: 200; color: #212121;\">Alles was wir haben \u2013<\/span><br \/>\nEines der breitesten Sortimente in Europa<\/h2>\n<p>[\/vc_column_text][\/vc_column][\/vc_row][vc_row css=&#8220;.vc_custom_1675425540363{margin-bottom: 80px !important;}&#8220;][vc_column][vc_row_inner el_class=&#8220;max-wdth1575&#8243;][vc_column_inner el_class=&#8220;prage-top-col&#8220; width=&#8220;1\/4&#8243;][vc_single_image image=&#8220;298&#8243; img_size=&#8220;full&#8220; alignment=&#8220;center&#8220; onclick=&#8220;custom_link&#8220; css=&#8220;.vc_custom_1677040911687{margin-bottom: 33px !important;}&#8220; link=&#8220;https:\/\/www.contra-automotive.de\/product-range\/#DieselParticulateFilters&#8220;][vc_column_text css=&#8220;.vc_custom_1677040796867{margin-bottom: 15px !important;}&#8220;]<a href=\"https:\/\/www.contra-automotive.de\/product-range\/#DieselParticulateFilters\"><strong>Partikelfilter<\/strong><\/a>[\/vc_column_text][\/vc_column_inner][vc_column_inner el_class=&#8220;prage-top-col&#8220; width=&#8220;1\/4&#8243;][vc_single_image image=&#8220;297&#8243; img_size=&#8220;full&#8220; alignment=&#8220;center&#8220; onclick=&#8220;custom_link&#8220; css=&#8220;.vc_custom_1676292828684{margin-bottom: 33px !important;}&#8220; link=&#8220;https:\/\/www.contra-automotive.de\/product-range\/#CatalyticConverters&#8220;][vc_column_text css=&#8220;.vc_custom_1676951882194{margin-bottom: 15px !important;}&#8220;]<a href=\"https:\/\/www.contra-automotive.de\/product-range\/#CatalyticConverters\"><strong>Katalysatoren<\/strong><\/a>[\/vc_column_text][\/vc_column_inner][vc_column_inner el_class=&#8220;prage-top-col&#8220; width=&#8220;1\/4&#8243;][vc_single_image image=&#8220;300&#8243; img_size=&#8220;full&#8220; alignment=&#8220;center&#8220; onclick=&#8220;custom_link&#8220; css=&#8220;.vc_custom_1676292777527{margin-bottom: 33px !important;}&#8220; link=&#8220;https:\/\/www.contra-automotive.de\/product-range\/#PressureSensors&#8220;][vc_column_text css=&#8220;.vc_custom_1677040809181{margin-bottom: 15px !important;}&#8220;]<a href=\"https:\/\/www.contra-automotive.de\/product-range\/#PressureSensors\"> <strong>Differenzdrucksensoren<\/strong><\/a>[\/vc_column_text][\/vc_column_inner][vc_column_inner el_class=&#8220;prage-top-col&#8220; width=&#8220;1\/4&#8243;][vc_single_image image=&#8220;299&#8243; img_size=&#8220;full&#8220; alignment=&#8220;center&#8220; onclick=&#8220;custom_link&#8220; css=&#8220;.vc_custom_1677040919115{margin-bottom: 33px !important;}&#8220; link=&#8220;https:\/\/www.contra-automotive.de\/product-range\/#ExhaustTemperatureSensors&#8220;][vc_column_text css=&#8220;.vc_custom_1677041261204{margin-bottom: 15px !important;}&#8220;]<a href=\"https:\/\/www.contra-automotive.de\/product-range\/#ExhaustTemperatureSensors\"><strong>Temperaturf\u00fchler<\/strong><\/a>[\/vc_column_text][\/vc_column_inner][\/vc_row_inner][\/vc_column][\/vc_row][vc_row full_width=&#8220;stretch_row_content_no_spaces&#8220; css=&#8220;.vc_custom_1675430614884{margin-bottom: 80px !important;}&#8220; el_id=&#8220;DieselParticulateFilters&#8220; el_class=&#8220;prange-left-DieselFilter&#8220;][vc_column][vc_row_inner el_class=&#8220;max-wdth1575&#8243;][vc_column_inner width=&#8220;1\/2&#8243;][vc_single_image image=&#8220;187&#8243; img_size=&#8220;full&#8220; alignment=&#8220;center&#8220; el_class=&#8220;res-only&#8220;][vc_column_text]Der Anwendungsbereich<\/p>\n<h1>Diesel Partikelfilter<\/h1>\n<p>[\/vc_column_text][vc_column_text el_class=&#8220;green-chk&#8220;]<\/p>\n<ul>\n<li>Mehr als 450 Teilenummern in unserem Lager verf\u00fcgbar<\/li>\n<li>Passend f\u00fcr 6000+ K-Type \/ Fahrzeuge<\/li>\n<li>\u00dcber 100 neue Teile werden pro Jahr gelistet<\/li>\n<\/ul>\n<p>[\/vc_column_text][vc_column_text el_class=&#8220;tick&#8220;]<\/p>\n<ul>\n<li>Homologiert nach UNECE R-103<\/li>\n<li>100% verkehrsf\u00e4hige Produkte, immer mit e-Pr\u00fcfzeichen<\/li>\n<li>Korrekte EURO-Norm durch Eingrenzung von Motorcode und Baujahr<\/li>\n<li>Hohe Passgenauigkeit<\/li>\n<li>Hergestellt nach OEM-Spezifikationen<\/li>\n<li>Lieferung in Schutzverpackung in der Regel mit Montagematerial<\/li>\n<li>Etwa 80% des Sortiments immer mit neuen Druckleitungen<\/li>\n<li>Einbauleitfaden als PDF verf\u00fcgbar<\/li>\n<li>Breites Sortiment ab Euro 4 aufw\u00e4rts<\/li>\n<li>Alle Produkte sind ausschlie\u00dflich von europ\u00e4ischen Inverkehrbringern<\/li>\n<\/ul>\n<p>[\/vc_column_text][\/vc_column_inner][vc_column_inner width=&#8220;1\/2&#8243;][vc_single_image image=&#8220;187&#8243; img_size=&#8220;full&#8220; alignment=&#8220;center&#8220; el_class=&#8220;desk-only&#8220;][\/vc_column_inner][\/vc_row_inner][\/vc_column][\/vc_row][vc_row full_width=&#8220;stretch_row_content&#8220; css=&#8220;.vc_custom_1675426650815{padding-top: 100px !important;padding-bottom: 100px !important;background-color: #f5f6f8 !important;}&#8220; el_id=&#8220;CatalyticConverters&#8220;][vc_column][vc_row_inner el_class=&#8220;max-wdth1575&#8243;][vc_column_inner width=&#8220;1\/2&#8243;][vc_single_image image=&#8220;198&#8243; img_size=&#8220;full&#8220;][\/vc_column_inner][vc_column_inner width=&#8220;1\/2&#8243;][vc_column_text]Der Anwendungsbereich<\/p>\n<h1>Katalysatoren<\/h1>\n<p>[\/vc_column_text][vc_column_text el_class=&#8220;green-chk&#8220;]<\/p>\n<ul>\n<li>\u00dcber 600 Teilenummern in unserem Lager verf\u00fcgbar<\/li>\n<li>\u00dcber 150 neue Teile werden pro Jahr gelistet e-Pr\u00fcfzeichen<\/li>\n<\/ul>\n<p>[\/vc_column_text][vc_column_text el_class=&#8220;tick&#8220;]<\/p>\n<ul>\n<li>Homologiert nach UNECE R-103<\/li>\n<li>100% verkehrsf\u00e4hige Produkte, immer mit E-Pr\u00fcfzeichen<\/li>\n<li>Korrekte EURO-Norm durch Eingrenzung von Motorcode und Baujahr<\/li>\n<li>Hohe Passgenauigkeit<\/li>\n<li>Hergestellt nach OEM-Vorgaben<\/li>\n<li>In der Regel mit Montagesatz<\/li>\n<li>Installationsanleitungen als PDF verf\u00fcgbar<\/li>\n<li>Breites Produktsortiment ab Euro4<\/li>\n<li>Alle Produkte sind ausschlie\u00dflich von europ\u00e4ischen Inverkehrbringern<\/li>\n<\/ul>\n<p>[\/vc_column_text][\/vc_column_inner][\/vc_row_inner][\/vc_column][\/vc_row][vc_row full_width=&#8220;stretch_row_content_no_spaces&#8220; css=&#8220;.vc_custom_1675430759407{margin-top: 80px !important;margin-bottom: 80px !important;}&#8220; el_class=&#8220;prange-left-Fittingkits&#8220;][vc_column][vc_row_inner el_class=&#8220;max-wdth1575&#8243;][vc_column_inner width=&#8220;1\/2&#8243;][vc_single_image image=&#8220;195&#8243; img_size=&#8220;full&#8220; alignment=&#8220;center&#8220; el_class=&#8220;res-only&#8220;][vc_column_text]Der Anwendungsbereich<\/p>\n<h1>Passende Montages\u00e4tze<\/h1>\n<p>[\/vc_column_text][vc_column_text el_class=&#8220;tick&#8220;]<\/p>\n<ul>\n<li>F\u00fcr Dieselpartikelfilter und Katalysatoren<\/li>\n<li>Inhalt und Umfang entsprechend den Produktabbildungen<\/li>\n<li>Enth\u00e4lt Doppelschellen, Dichtungen, Halter, Gummih\u00e4nger, Kr\u00fcmmerdichtungen, Stehbolzen und selbst sichernde Muttern<\/li>\n<li>Ordentlich und transportsicher verpackt<\/li>\n<\/ul>\n<p>[\/vc_column_text][\/vc_column_inner][vc_column_inner width=&#8220;1\/2&#8243;][vc_single_image image=&#8220;195&#8243; img_size=&#8220;full&#8220; alignment=&#8220;center&#8220; el_class=&#8220;desk-only&#8220;][\/vc_column_inner][\/vc_row_inner][\/vc_column][\/vc_row][vc_row full_width=&#8220;stretch_row_content&#8220; css=&#8220;.vc_custom_1675426771266{padding-top: 100px !important;padding-bottom: 100px !important;background-color: #f5f6f8 !important;}&#8220; el_id=&#8220;PressureSensors&#8220;][vc_column][vc_row_inner el_class=&#8220;max-wdth1575&#8243;][vc_column_inner width=&#8220;1\/2&#8243;][vc_single_image image=&#8220;199&#8243; img_size=&#8220;full&#8220;][\/vc_column_inner][vc_column_inner width=&#8220;1\/2&#8243;][vc_column_text]Der Anwendungsbereich<\/p>\n<h1>Differenzdrucksensor<\/h1>\n<p>[\/vc_column_text][vc_column_text el_class=&#8220;green-chk&#8220;]<\/p>\n<ul>\n<li>48 Teilenummern, jederzeit verf\u00fcgbar<\/li>\n<li>Passend f\u00fcr 5.250 K-Type \/ Fahrzeuge<\/li>\n<li>36 neue Teile in Vorbereitung<\/li>\n<\/ul>\n<p>[\/vc_column_text][vc_column_text el_class=&#8220;tick&#8220;]<\/p>\n<ul>\n<li>Die Sensoren messen die Differenzdruck im DPF.<\/li>\n<li>Damit \u00fcberwachen sie den Grad der Aschebeladung und l\u00f6sen den Regenerationsprozess aus.<\/li>\n<li>W\u00e4hrend des Lebenszyklus kann dieser Sensor oder die Leistungen mit Ru\u00df verstopfen und oder sich am Stecker Korrosion bilden.<\/li>\n<li>Daher wird ein Austausch zusammen mit dem DPF dringend empfohlen<\/li>\n<\/ul>\n<p>[\/vc_column_text][\/vc_column_inner][\/vc_row_inner][\/vc_column][\/vc_row][vc_row full_width=&#8220;stretch_row_content_no_spaces&#8220; css=&#8220;.vc_custom_1675430796308{margin-top: 80px !important;margin-bottom: 80px !important;}&#8220; el_id=&#8220;ExhaustTemperatureSensors&#8220; el_class=&#8220;prange-left-Exhaust-Temperature&#8220;][vc_column][vc_row_inner el_class=&#8220;max-wdth1575&#8243;][vc_column_inner width=&#8220;1\/2&#8243;][vc_single_image image=&#8220;194&#8243; img_size=&#8220;full&#8220; alignment=&#8220;center&#8220; el_class=&#8220;res-only&#8220;][vc_column_text]Der Anwendungsbereich<\/p>\n<h1>Abgas Temperatursensoren<\/h1>\n<p>[\/vc_column_text][vc_column_text el_class=&#8220;green-chk&#8220;]<\/p>\n<ul>\n<li>75 Artikelnummern, jederzeit verf\u00fcgbar<\/li>\n<li>Passend f\u00fcr 2.622 K-Type \/ Fahrzeuge<\/li>\n<li>38 neue Teile in Vorbereitung<\/li>\n<\/ul>\n<p>[\/vc_column_text][vc_column_text el_class=&#8220;tick&#8220;]<\/p>\n<ul>\n<li>DPFs m\u00fcssen in der Regel nach etwa 100.000 bis 150.000 km Laufleistung ausgetauscht werden.<\/li>\n<li>Werkst\u00e4tten tauschen oft auch diesen Sensor aus, da er sich nur schwer aus dem alten DPF ausbauen l\u00e4sst.<\/li>\n<li>Wenn der Temperaturf\u00fchler nicht richtig funktioniert, wird die Regeneration des DPF nicht eingeleitet oder nicht korrekt abgeschlossen.<\/li>\n<li>Daher wird die Erneuerung des Sensors, zusammen mit dem DPF dringend empfohlen.<\/li>\n<\/ul>\n<p>[\/vc_column_text][\/vc_column_inner][vc_column_inner width=&#8220;1\/2&#8243;][vc_single_image image=&#8220;194&#8243; img_size=&#8220;full&#8220; alignment=&#8220;center&#8220; el_class=&#8220;desk-only&#8220;][\/vc_column_inner][\/vc_row_inner][\/vc_column][\/vc_row]<\/p>\n<\/section>","protected":false},"excerpt":{"rendered":"<p>[vc_row full_width=&#8220;stretch_row_content_no_spaces&#8220; el_class=&#8220;head-area&#8220;][vc_column el_class=&#8220;product-range-top&#8220;][vc_single_image image=&#8220;165&#8243; img_size=&#8220;full&#8220; el_class=&#8220;desk-only&#8220;][vc_single_image image=&#8220;436&#8243; img_size=&#8220;full&#8220; el_class=&#8220;res-only&#8220;][\/vc_column][\/vc_row][vc_row css=&#8220;.vc_custom_1675426933355{margin-top: 60px !important;}&#8220;][vc_column][vc_column_text] Alles was wir haben \u2013 Eines der breitesten Sortimente in Europa [\/vc_column_text][\/vc_column][\/vc_row][vc_row css=&#8220;.vc_custom_1675425540363{margin-bottom: 80px !important;}&#8220;][vc_column][vc_row_inner el_class=&#8220;max-wdth1575&#8243;][vc_column_inner el_class=&#8220;prage-top-col&#8220; width=&#8220;1\/4&#8243;][vc_single_image image=&#8220;298&#8243; img_size=&#8220;full&#8220; alignment=&#8220;center&#8220; onclick=&#8220;custom_link&#8220; css=&#8220;.vc_custom_1677040911687{margin-bottom: 33px !important;}&#8220; link=&#8220;https:\/\/www.contra-automotive.de\/product-range\/#DieselParticulateFilters&#8220;][vc_column_text css=&#8220;.vc_custom_1677040796867{margin-bottom: 15px !important;}&#8220;]Partikelfilter[\/vc_column_text][\/vc_column_inner][vc_column_inner el_class=&#8220;prage-top-col&#8220; width=&#8220;1\/4&#8243;][vc_single_image image=&#8220;297&#8243; img_size=&#8220;full&#8220; alignment=&#8220;center&#8220; onclick=&#8220;custom_link&#8220; css=&#8220;.vc_custom_1676292828684{margin-bottom: 33px !important;}&#8220; link=&#8220;https:\/\/www.contra-automotive.de\/product-range\/#CatalyticConverters&#8220;][vc_column_text css=&#8220;.vc_custom_1676951882194{margin-bottom: 15px !important;}&#8220;]Katalysatoren[\/vc_column_text][\/vc_column_inner][vc_column_inner [&hellip;]<\/p>\n","protected":false},"author":1,"featured_media":0,"parent":0,"menu_order":0,"comment_status":"closed","ping_status":"closed","template":"","meta":{"site-sidebar-layout":"no-sidebar","site-content-layout":"plain-container","ast-site-content-layout":"","site-content-style":"default","site-sidebar-style":"default","ast-global-header-display":"","ast-banner-title-visibility":"","ast-main-header-display":"","ast-hfb-above-header-display":"","ast-hfb-below-header-display":"","ast-hfb-mobile-header-display":"","site-post-title":"","ast-breadcrumbs-content":"","ast-featured-img":"disabled","footer-sml-layout":"","theme-transparent-header-meta":"default","adv-header-id-meta":"","stick-header-meta":"","header-above-stick-meta":"","header-main-stick-meta":"","header-below-stick-meta":"","astra-migrate-meta-layouts":"default","ast-page-background-enabled":"default","ast-page-background-meta":{"desktop":{"background-color":"var(--ast-global-color-4)","background-image":"","background-repeat":"repeat","background-position":"center center","background-size":"auto","background-attachment":"scroll","background-type":"","background-media":"","overlay-type":"","overlay-color":"","overlay-opacity":"","overlay-gradient":""},"tablet":{"background-color":"","background-image":"","background-repeat":"repeat","background-position":"center center","background-size":"auto","background-attachment":"scroll","background-type":"","background-media":"","overlay-type":"","overlay-color":"","overlay-opacity":"","overlay-gradient":""},"mobile":{"background-color":"","background-image":"","background-repeat":"repeat","background-position":"center center","background-size":"auto","background-attachment":"scroll","background-type":"","background-media":"","overlay-type":"","overlay-color":"","overlay-opacity":"","overlay-gradient":""}},"ast-content-background-meta":{"desktop":{"background-color":"var(--ast-global-color-5)","background-image":"","background-repeat":"repeat","background-position":"center center","background-size":"auto","background-attachment":"scroll","background-type":"","background-media":"","overlay-type":"","overlay-color":"","overlay-opacity":"","overlay-gradient":""},"tablet":{"background-color":"var(--ast-global-color-5)","background-image":"","background-repeat":"repeat","background-position":"center center","background-size":"auto","background-attachment":"scroll","background-type":"","background-media":"","overlay-type":"","overlay-color":"","overlay-opacity":"","overlay-gradient":""},"mobile":{"background-color":"var(--ast-global-color-5)","background-image":"","background-repeat":"repeat","background-position":"center center","background-size":"auto","background-attachment":"scroll","background-type":"","background-media":"","overlay-type":"","overlay-color":"","overlay-opacity":"","overlay-gradient":""}},"footnotes":""},"class_list":["post-20","page","type-page","status-publish","hentry"],"_links":{"self":[{"href":"https:\/\/www.contra-automotive.de\/de\/wp-json\/wp\/v2\/pages\/20","targetHints":{"allow":["GET"]}}],"collection":[{"href":"https:\/\/www.contra-automotive.de\/de\/wp-json\/wp\/v2\/pages"}],"about":[{"href":"https:\/\/www.contra-automotive.de\/de\/wp-json\/wp\/v2\/types\/page"}],"author":[{"embeddable":true,"href":"https:\/\/www.contra-automotive.de\/de\/wp-json\/wp\/v2\/users\/1"}],"replies":[{"embeddable":true,"href":"https:\/\/www.contra-automotive.de\/de\/wp-json\/wp\/v2\/comments?post=20"}],"version-history":[{"count":80,"href":"https:\/\/www.contra-automotive.de\/de\/wp-json\/wp\/v2\/pages\/20\/revisions"}],"predecessor-version":[{"id":678,"href":"https:\/\/www.contra-automotive.de\/de\/wp-json\/wp\/v2\/pages\/20\/revisions\/678"}],"wp:attachment":[{"href":"https:\/\/www.contra-automotive.de\/de\/wp-json\/wp\/v2\/media?parent=20"}],"curies":[{"name":"wp","href":"https:\/\/api.w.org\/{rel}","templated":true}]}}