{"id":18,"date":"2023-02-01T10:06:21","date_gmt":"2023-02-01T10:06:21","guid":{"rendered":"http:\/\/localhost\/ConTra\/?page_id=18"},"modified":"2023-03-01T12:22:17","modified_gmt":"2023-03-01T12:22:17","slug":"logistics","status":"publish","type":"page","link":"https:\/\/www.contra-automotive.de\/de\/logistics\/","title":{"rendered":"Logistik"},"content":{"rendered":"<section class=\"wpb-content-wrapper\"><p>[vc_row full_width=&#8220;stretch_row_content_no_spaces&#8220; css=&#8220;.vc_custom_1675431832305{margin-bottom: 0px !important;}&#8220; el_class=&#8220;head-area&#8220;][vc_column][vc_single_image image=&#8220;163&#8243; img_size=&#8220;full&#8220; css=&#8220;.vc_custom_1675520182054{margin-bottom: 0px !important;}&#8220; el_class=&#8220;desk-only&#8220;][vc_single_image image=&#8220;416&#8243; img_size=&#8220;full&#8220; css=&#8220;.vc_custom_1675520209619{margin-bottom: 0px !important;}&#8220; el_class=&#8220;res-only&#8220;][\/vc_column][\/vc_row][vc_row full_width=&#8220;stretch_row&#8220; css=&#8220;.vc_custom_1675407464677{margin-top: 0px !important;padding-top: 50px !important;background-color: #f5f6f8 !important;}&#8220;][vc_column width=&#8220;1\/4&#8243; el_class=&#8220;bot-line&#8220;][vc_single_image image=&#8220;212&#8243; img_size=&#8220;&#8220; el_class=&#8220;logistic-logo&#8220;][vc_column_text]<span class=\"HwtZe\" lang=\"de\"><span class=\"jCAhz ChMk0b\"><span class=\"ryNqvb\">Logistikpartner f\u00fcr Pakete sind GLS &amp; DPD<\/span><\/span><\/span>[\/vc_column_text][\/vc_column][vc_column width=&#8220;1\/4&#8243; el_class=&#8220;bot-line&#8220;][vc_single_image image=&#8220;209&#8243; img_size=&#8220;full&#8220; el_class=&#8220;logistic-icon&#8220;][vc_column_text]<span class=\"HwtZe\" lang=\"de\"><span class=\"jCAhz ChMk0b\"><span class=\"ryNqvb\">Die Logistik f\u00fcr EU-Paletten erfolgt \u00fcber Speditionen<\/span><\/span><\/span>[\/vc_column_text][\/vc_column][vc_column width=&#8220;1\/4&#8243; el_class=&#8220;bot-line&#8220;][vc_single_image image=&#8220;210&#8243; img_size=&#8220;full&#8220; el_class=&#8220;logistic-icon&#8220;][vc_column_text]<span class=\"HwtZe\" lang=\"de\"><span class=\"jCAhz ChMk0b\"><span class=\"ryNqvb\">Individuelle Lieferung an definierte Filialstandorte jederzeit m\u00f6glich<\/span><\/span><\/span>[\/vc_column_text][\/vc_column][vc_column width=&#8220;1\/4&#8243; el_class=&#8220;bot-line&#8220;][vc_single_image image=&#8220;208&#8243; img_size=&#8220;full&#8220; el_class=&#8220;logistic-icon&#8220;][vc_column_text]<span class=\"HwtZe\" lang=\"de\"><span class=\"jCAhz ChMk0b\"><span class=\"ryNqvb\">Kartonetikett auf Kundenwunsch nach Vorgabe<\/span><\/span><\/span>[\/vc_column_text][\/vc_column][\/vc_row][vc_row full_width=&#8220;stretch_row&#8220; css=&#8220;.vc_custom_1675407472316{padding-bottom: 50px !important;background-color: #f5f6f8 !important;}&#8220;][vc_column width=&#8220;1\/4&#8243; el_class=&#8220;bot-line&#8220;][vc_single_image image=&#8220;215&#8243; img_size=&#8220;full&#8220; el_class=&#8220;logistic-icon&#8220;][vc_column_text]<span class=\"HwtZe\" lang=\"de\"><span class=\"jCAhz ChMk0b\"><span class=\"ryNqvb\">Dropshipping gerne auf Anfrage<\/span><\/span><\/span>[\/vc_column_text][\/vc_column][vc_column width=&#8220;1\/4&#8243; el_class=&#8220;bot-line&#8220;][vc_single_image image=&#8220;216&#8243; img_size=&#8220;full&#8220; el_class=&#8220;logistic-icon&#8220;][vc_column_text]<span class=\"HwtZe\" lang=\"de\"><span class=\"jCAhz ChMk0b\"><span class=\"ryNqvb\">Lieferung am selben Tag.<\/span><\/span> <span class=\"jCAhz ChMk0b\"><span class=\"ryNqvb\">Annahmeschluss 13:00 Uhr<\/span><\/span><\/span>[\/vc_column_text][\/vc_column][vc_column width=&#8220;1\/4&#8243; el_class=&#8220;bot-line&#8220;][vc_single_image image=&#8220;217&#8243; img_size=&#8220;full&#8220; el_class=&#8220;logistic-icon&#8220;][vc_column_text]<span class=\"HwtZe\" lang=\"de\"><span class=\"jCAhz ChMk0b\"><span class=\"ryNqvb\">Verf\u00fcgbarkeit &gt; 96 %<\/span><\/span><\/span>[\/vc_column_text][\/vc_column][vc_column width=&#8220;1\/4&#8243; el_class=&#8220;bot-line&#8220;][vc_single_image image=&#8220;218&#8243; img_size=&#8220;full&#8220; el_class=&#8220;logistic-icon&#8220;][vc_column_text]<span class=\"HwtZe\" lang=\"de\"><span class=\"jCAhz ChMk0b\"><span class=\"ryNqvb\">Versandkostenpauschale deutschlandweit<\/span><\/span><\/span>[\/vc_column_text][\/vc_column][\/vc_row][vc_row css=&#8220;.vc_custom_1675408428887{margin-top: 60px !important;margin-bottom: 60px !important;}&#8220;][vc_column width=&#8220;1\/2&#8243;][vc_column_text el_class=&#8220;logistic-head&#8220;]Logistiek<\/p>\n<h1>Kartonagen und Verpackungen<\/h1>\n<p>[\/vc_column_text][vc_column_text css=&#8220;.vc_custom_1677042287322{margin-bottom: 0px !important;}&#8220;]<\/p>\n<div class=\"logistic-foot\">\n<div class=\"logistic-num\">01<\/div>\n<div class=\"logistic-num-txt\">Stabiler doppellagiger (Flute BC) Karton, matt und hochwertig.<\/div>\n<\/div>\n<div class=\"logistic-foot\">\n<div class=\"logistic-num\">02<\/div>\n<div class=\"logistic-num-txt\">Standardklebeband: \u201eConTra\u201c-CI oder auf Wunsch neutral, individuelle Beschriftung nach Kunden-CI.<\/div>\n<\/div>\n<p>[\/vc_column_text][\/vc_column][vc_column width=&#8220;1\/2&#8243;][vc_column_text]<\/p>\n<div class=\"logistic-foot\">\n<div class=\"logistic-num\">03<\/div>\n<div class=\"logistic-num-txt\">Bereitstellung von kundenspezifischem Klebeband \/ Etikett erforderlich.<\/div>\n<\/div>\n<div class=\"logistic-foot\">\n<div class=\"logistic-num\">04<\/div>\n<div class=\"logistic-num-txt\">Nur wenige Kartons unterschiedlicher Gr\u00f6\u00dfe im Einsatz, insgesamt neun Gr\u00f6\u00dfen, beginnend bei 30x30x40, 30x30x120, 30x30x160 etc.<\/div>\n<\/div>\n<div class=\"logistic-foot\">\n<div class=\"logistic-num\">05<\/div>\n<div class=\"logistic-num-txt\">Produkte transportsicher verpackt mit zus\u00e4tzlicher F\u00fcllung aus Recyclingmaterial (CO\u00b2-neutrales Schrenzpapier).<\/div>\n<\/div>\n<p>[\/vc_column_text][\/vc_column][\/vc_row]<\/p>\n<\/section>","protected":false},"excerpt":{"rendered":"<p>[vc_row full_width=&#8220;stretch_row_content_no_spaces&#8220; css=&#8220;.vc_custom_1675431832305{margin-bottom: 0px !important;}&#8220; el_class=&#8220;head-area&#8220;][vc_column][vc_single_image image=&#8220;163&#8243; img_size=&#8220;full&#8220; css=&#8220;.vc_custom_1675520182054{margin-bottom: 0px !important;}&#8220; el_class=&#8220;desk-only&#8220;][vc_single_image image=&#8220;416&#8243; img_size=&#8220;full&#8220; css=&#8220;.vc_custom_1675520209619{margin-bottom: 0px !important;}&#8220; el_class=&#8220;res-only&#8220;][\/vc_column][\/vc_row][vc_row full_width=&#8220;stretch_row&#8220; css=&#8220;.vc_custom_1675407464677{margin-top: 0px !important;padding-top: 50px !important;background-color: #f5f6f8 !important;}&#8220;][vc_column width=&#8220;1\/4&#8243; el_class=&#8220;bot-line&#8220;][vc_single_image image=&#8220;212&#8243; img_size=&#8220;&#8220; el_class=&#8220;logistic-logo&#8220;][vc_column_text]Logistikpartner f\u00fcr Pakete sind GLS &amp; DPD[\/vc_column_text][\/vc_column][vc_column width=&#8220;1\/4&#8243; el_class=&#8220;bot-line&#8220;][vc_single_image image=&#8220;209&#8243; img_size=&#8220;full&#8220; el_class=&#8220;logistic-icon&#8220;][vc_column_text]Die Logistik f\u00fcr EU-Paletten erfolgt \u00fcber Speditionen[\/vc_column_text][\/vc_column][vc_column width=&#8220;1\/4&#8243; el_class=&#8220;bot-line&#8220;][vc_single_image image=&#8220;210&#8243; img_size=&#8220;full&#8220; el_class=&#8220;logistic-icon&#8220;][vc_column_text]Individuelle Lieferung an [&hellip;]<\/p>\n","protected":false},"author":1,"featured_media":0,"parent":0,"menu_order":0,"comment_status":"closed","ping_status":"closed","template":"","meta":{"site-sidebar-layout":"no-sidebar","site-content-layout":"plain-container","ast-site-content-layout":"","site-content-style":"default","site-sidebar-style":"default","ast-global-header-display":"","ast-banner-title-visibility":"","ast-main-header-display":"","ast-hfb-above-header-display":"","ast-hfb-below-header-display":"","ast-hfb-mobile-header-display":"","site-post-title":"","ast-breadcrumbs-content":"","ast-featured-img":"disabled","footer-sml-layout":"","theme-transparent-header-meta":"default","adv-header-id-meta":"","stick-header-meta":"","header-above-stick-meta":"","header-main-stick-meta":"","header-below-stick-meta":"","astra-migrate-meta-layouts":"default","ast-page-background-enabled":"default","ast-page-background-meta":{"desktop":{"background-color":"var(--ast-global-color-4)","background-image":"","background-repeat":"repeat","background-position":"center center","background-size":"auto","background-attachment":"scroll","background-type":"","background-media":"","overlay-type":"","overlay-color":"","overlay-opacity":"","overlay-gradient":""},"tablet":{"background-color":"","background-image":"","background-repeat":"repeat","background-position":"center center","background-size":"auto","background-attachment":"scroll","background-type":"","background-media":"","overlay-type":"","overlay-color":"","overlay-opacity":"","overlay-gradient":""},"mobile":{"background-color":"","background-image":"","background-repeat":"repeat","background-position":"center center","background-size":"auto","background-attachment":"scroll","background-type":"","background-media":"","overlay-type":"","overlay-color":"","overlay-opacity":"","overlay-gradient":""}},"ast-content-background-meta":{"desktop":{"background-color":"var(--ast-global-color-5)","background-image":"","background-repeat":"repeat","background-position":"center center","background-size":"auto","background-attachment":"scroll","background-type":"","background-media":"","overlay-type":"","overlay-color":"","overlay-opacity":"","overlay-gradient":""},"tablet":{"background-color":"var(--ast-global-color-5)","background-image":"","background-repeat":"repeat","background-position":"center center","background-size":"auto","background-attachment":"scroll","background-type":"","background-media":"","overlay-type":"","overlay-color":"","overlay-opacity":"","overlay-gradient":""},"mobile":{"background-color":"var(--ast-global-color-5)","background-image":"","background-repeat":"repeat","background-position":"center center","background-size":"auto","background-attachment":"scroll","background-type":"","background-media":"","overlay-type":"","overlay-color":"","overlay-opacity":"","overlay-gradient":""}},"footnotes":""},"class_list":["post-18","page","type-page","status-publish","hentry"],"_links":{"self":[{"href":"https:\/\/www.contra-automotive.de\/de\/wp-json\/wp\/v2\/pages\/18","targetHints":{"allow":["GET"]}}],"collection":[{"href":"https:\/\/www.contra-automotive.de\/de\/wp-json\/wp\/v2\/pages"}],"about":[{"href":"https:\/\/www.contra-automotive.de\/de\/wp-json\/wp\/v2\/types\/page"}],"author":[{"embeddable":true,"href":"https:\/\/www.contra-automotive.de\/de\/wp-json\/wp\/v2\/users\/1"}],"replies":[{"embeddable":true,"href":"https:\/\/www.contra-automotive.de\/de\/wp-json\/wp\/v2\/comments?post=18"}],"version-history":[{"count":35,"href":"https:\/\/www.contra-automotive.de\/de\/wp-json\/wp\/v2\/pages\/18\/revisions"}],"predecessor-version":[{"id":674,"href":"https:\/\/www.contra-automotive.de\/de\/wp-json\/wp\/v2\/pages\/18\/revisions\/674"}],"wp:attachment":[{"href":"https:\/\/www.contra-automotive.de\/de\/wp-json\/wp\/v2\/media?parent=18"}],"curies":[{"name":"wp","href":"https:\/\/api.w.org\/{rel}","templated":true}]}}