{"id":16,"date":"2023-02-01T10:05:37","date_gmt":"2023-02-01T10:05:37","guid":{"rendered":"http:\/\/localhost\/ConTra\/?page_id=16"},"modified":"2023-03-13T14:29:09","modified_gmt":"2023-03-13T14:29:09","slug":"our-plus","status":"publish","type":"page","link":"https:\/\/www.contra-automotive.de\/de\/our-plus\/","title":{"rendered":"Unser Plus"},"content":{"rendered":"<section class=\"wpb-content-wrapper\"><p>[vc_row full_width=&#8220;stretch_row_content_no_spaces&#8220; el_class=&#8220;head-area&#8220;][vc_column][vc_single_image image=&#8220;653&#8243; img_size=&#8220;full&#8220; el_class=&#8220;desk-only&#8220;][vc_single_image image=&#8220;654&#8243; img_size=&#8220;full&#8220; el_class=&#8220;res-only&#8220;][\/vc_column][\/vc_row][vc_row el_class=&#8220;martopbot80&#8243;][vc_column][vc_column_text css=&#8220;.vc_custom_1676957777357{margin-bottom: 0px !important;}&#8220;]<\/p>\n<p style=\"text-align: center;\">Unser Plus<\/p>\n<h1 style=\"text-align: center;\">Warum ConTra-Automotive?<\/h1>\n<p>[\/vc_column_text][\/vc_column][\/vc_row][vc_row][vc_column width=&#8220;1\/2&#8243;][vc_column_text el_class=&#8220;tick why-txt-mar&#8220;]<\/p>\n<ul>\n<li>\u00dcberdurchschnittliche Handelsmargen unter Ber\u00fccksichtigung wettbewerbs-f\u00e4higer Abgabepreisempfehlungen.<\/li>\n<li>Hervorragende pers\u00f6nliche Betreuung durch engagierte Mitarbeiter.<\/li>\n<li>L\u00f6sungsorientiert. Erreichbar per Telefon, E-Mail oder LiveChat.<\/li>\n<li>Keine Warteschleifen in der Servicehotline.<\/li>\n<li>Hervorragender Kundenservice gerade bei Gew\u00e4hrleistungsanspr\u00fcchen oder technischer Hilfe.<\/li>\n<\/ul>\n<p>[\/vc_column_text][\/vc_column][vc_column width=&#8220;1\/2&#8243;][vc_single_image image=&#8220;221&#8243; img_size=&#8220;full&#8220;][\/vc_column][\/vc_row][vc_row full_width=&#8220;stretch_row&#8220; css=&#8220;.vc_custom_1675917389839{padding-top: 50px !important;padding-bottom: 50px !important;background-color: #f5f6f8 !important;}&#8220; el_class=&#8220;ourplus-right-bg&#8220;][vc_column width=&#8220;1\/2&#8243; el_class=&#8220;desk-only&#8220;][vc_single_image image=&#8220;692&#8243; img_size=&#8220;full&#8220;][\/vc_column][vc_column width=&#8220;1\/2&#8243;][vc_column_text el_class=&#8220;tick why-txt-mar&#8220;]<\/p>\n<ul>\n<li>Gro\u00dfe technische Kompetenz<\/li>\n<li>Extrem tiefes Sortiment! Auf Lager<\/li>\n<li>Auch \u201ekariertes Maigl\u00f6ckchen\u201c wie Jaguar S-Type 2,7 D und Subaru Forester 2,0 D<\/li>\n<li>Erstklassige Aftermarket-Qualit\u00e4t<\/li>\n<li>Reklamationsquote &lt; 5 %<\/li>\n<li>Die allgemeine Betriebserlaubnis des Fahrzeugs bleibt auch nach dem Austausch durch von ConTra-Automotive gelieferte Produkte uneingeschr\u00e4nkt erhalten<\/li>\n<\/ul>\n<p>[\/vc_column_text][vc_single_image image=&#8220;223&#8243; img_size=&#8220;full&#8220; el_class=&#8220;res-only&#8220;][\/vc_column][\/vc_row][vc_row css=&#8220;.vc_custom_1675410167912{margin-top: 50px !important;margin-bottom: 50px !important;}&#8220;][vc_column width=&#8220;1\/2&#8243;][vc_column_text el_class=&#8220;tick&#8220;]<\/p>\n<ul>\n<li>Wir arbeiten eng mit allen gro\u00dfen Herstellern zusammen<\/li>\n<li>Pflegen \u00fcber Jahre gewachsene Gesch\u00e4ftsbeziehungen<\/li>\n<li>Einkauf und Auswahl von Produkten ist schwierig \u2013 wir wissen, wie es geht<\/li>\n<\/ul>\n<p>[\/vc_column_text][\/vc_column][vc_column width=&#8220;1\/2&#8243;][vc_column_text el_class=&#8220;tick&#8220;]<\/p>\n<ul>\n<li>Wir treffen immer die optimale Produktvorauswahl \u2013 &#8222;Best of all&#8220;.<\/li>\n<li>Doppelte Qualit\u00e4tskontrolle durch re-Verpacken der Angelieferten Waren.<\/li>\n<\/ul>\n<p>[\/vc_column_text][\/vc_column][\/vc_row]<\/p>\n<\/section>","protected":false},"excerpt":{"rendered":"<p>[vc_row full_width=&#8220;stretch_row_content_no_spaces&#8220; el_class=&#8220;head-area&#8220;][vc_column][vc_single_image image=&#8220;653&#8243; img_size=&#8220;full&#8220; el_class=&#8220;desk-only&#8220;][vc_single_image image=&#8220;654&#8243; img_size=&#8220;full&#8220; el_class=&#8220;res-only&#8220;][\/vc_column][\/vc_row][vc_row el_class=&#8220;martopbot80&#8243;][vc_column][vc_column_text css=&#8220;.vc_custom_1676957777357{margin-bottom: 0px !important;}&#8220;] Unser Plus Warum ConTra-Automotive? [\/vc_column_text][\/vc_column][\/vc_row][vc_row][vc_column width=&#8220;1\/2&#8243;][vc_column_text el_class=&#8220;tick why-txt-mar&#8220;] \u00dcberdurchschnittliche Handelsmargen unter Ber\u00fccksichtigung wettbewerbs-f\u00e4higer Abgabepreisempfehlungen. Hervorragende pers\u00f6nliche Betreuung durch engagierte Mitarbeiter. L\u00f6sungsorientiert. Erreichbar per Telefon, E-Mail oder LiveChat. Keine Warteschleifen in der Servicehotline. Hervorragender Kundenservice gerade bei Gew\u00e4hrleistungsanspr\u00fcchen oder technischer Hilfe. [\/vc_column_text][\/vc_column][vc_column width=&#8220;1\/2&#8243;][vc_single_image [&hellip;]<\/p>\n","protected":false},"author":1,"featured_media":0,"parent":0,"menu_order":0,"comment_status":"closed","ping_status":"closed","template":"","meta":{"site-sidebar-layout":"no-sidebar","site-content-layout":"plain-container","ast-site-content-layout":"","site-content-style":"default","site-sidebar-style":"default","ast-global-header-display":"","ast-banner-title-visibility":"","ast-main-header-display":"","ast-hfb-above-header-display":"","ast-hfb-below-header-display":"","ast-hfb-mobile-header-display":"","site-post-title":"","ast-breadcrumbs-content":"","ast-featured-img":"disabled","footer-sml-layout":"","theme-transparent-header-meta":"default","adv-header-id-meta":"","stick-header-meta":"","header-above-stick-meta":"","header-main-stick-meta":"","header-below-stick-meta":"","astra-migrate-meta-layouts":"default","ast-page-background-enabled":"default","ast-page-background-meta":{"desktop":{"background-color":"var(--ast-global-color-4)","background-image":"","background-repeat":"repeat","background-position":"center center","background-size":"auto","background-attachment":"scroll","background-type":"","background-media":"","overlay-type":"","overlay-color":"","overlay-opacity":"","overlay-gradient":""},"tablet":{"background-color":"","background-image":"","background-repeat":"repeat","background-position":"center center","background-size":"auto","background-attachment":"scroll","background-type":"","background-media":"","overlay-type":"","overlay-color":"","overlay-opacity":"","overlay-gradient":""},"mobile":{"background-color":"","background-image":"","background-repeat":"repeat","background-position":"center center","background-size":"auto","background-attachment":"scroll","background-type":"","background-media":"","overlay-type":"","overlay-color":"","overlay-opacity":"","overlay-gradient":""}},"ast-content-background-meta":{"desktop":{"background-color":"var(--ast-global-color-5)","background-image":"","background-repeat":"repeat","background-position":"center center","background-size":"auto","background-attachment":"scroll","background-type":"","background-media":"","overlay-type":"","overlay-color":"","overlay-opacity":"","overlay-gradient":""},"tablet":{"background-color":"var(--ast-global-color-5)","background-image":"","background-repeat":"repeat","background-position":"center center","background-size":"auto","background-attachment":"scroll","background-type":"","background-media":"","overlay-type":"","overlay-color":"","overlay-opacity":"","overlay-gradient":""},"mobile":{"background-color":"var(--ast-global-color-5)","background-image":"","background-repeat":"repeat","background-position":"center center","background-size":"auto","background-attachment":"scroll","background-type":"","background-media":"","overlay-type":"","overlay-color":"","overlay-opacity":"","overlay-gradient":""}},"footnotes":""},"class_list":["post-16","page","type-page","status-publish","hentry"],"_links":{"self":[{"href":"https:\/\/www.contra-automotive.de\/de\/wp-json\/wp\/v2\/pages\/16","targetHints":{"allow":["GET"]}}],"collection":[{"href":"https:\/\/www.contra-automotive.de\/de\/wp-json\/wp\/v2\/pages"}],"about":[{"href":"https:\/\/www.contra-automotive.de\/de\/wp-json\/wp\/v2\/types\/page"}],"author":[{"embeddable":true,"href":"https:\/\/www.contra-automotive.de\/de\/wp-json\/wp\/v2\/users\/1"}],"replies":[{"embeddable":true,"href":"https:\/\/www.contra-automotive.de\/de\/wp-json\/wp\/v2\/comments?post=16"}],"version-history":[{"count":44,"href":"https:\/\/www.contra-automotive.de\/de\/wp-json\/wp\/v2\/pages\/16\/revisions"}],"predecessor-version":[{"id":697,"href":"https:\/\/www.contra-automotive.de\/de\/wp-json\/wp\/v2\/pages\/16\/revisions\/697"}],"wp:attachment":[{"href":"https:\/\/www.contra-automotive.de\/de\/wp-json\/wp\/v2\/media?parent=16"}],"curies":[{"name":"wp","href":"https:\/\/api.w.org\/{rel}","templated":true}]}}